{"id":100,"date":"2014-08-01T18:14:28","date_gmt":"2014-08-01T23:14:28","guid":{"rendered":"http:\/\/auctusbc.com\/wp\/?page_id=100"},"modified":"2022-08-30T14:13:29","modified_gmt":"2022-08-30T19:13:29","slug":"unirse-a-auctus","status":"publish","type":"page","link":"https:\/\/auctusbc.com\/es\/unirse-a-auctus\/","title":{"rendered":"Unirse a Auctus"},"content":{"rendered":"<h2>\u00bfC\u00f3mo deseas colaborar con nosotros?<\/h2>\n<div class=\"cols-3 custom-gutter\"><!-- --><div class=\"col\" style=\"width:32.333333333333%;padding-left: 0%; padding-right: 3%;\"><\/p>\n<h3>ASESOR DE NEGOCIOS<\/h3>\n<p><img fetchpriority=\"high\" decoding=\"async\" class=\"wp-image-440 size-full alignnone\" src=\"http:\/\/auctusbc.com\/wp\/wp-content\/uploads\/2014\/08\/handshake.jpg\" alt=\"handshake\" width=\"370\" height=\"248\" srcset=\"https:\/\/auctusbc.com\/wp\/wp-content\/uploads\/2014\/08\/handshake.jpg 370w, https:\/\/auctusbc.com\/wp\/wp-content\/uploads\/2014\/08\/handshake-300x201.jpg 300w\" sizes=\"(max-width: 370px) 100vw, 370px\" \/><br \/>\nL\u00edderes de opini\u00f3n y de la industria, que participan en distintos Consejos de Administraci\u00f3n y que por su red de contactos pueden referir prospectos a la Firma para el desarrollo de proyectos. Para mayor informaci\u00f3n, cont\u00e1ctanos en nuestras oficinas, d\u00e9janos tu informaci\u00f3n o env\u00edala al correo.<\/p>\n<h3><\/h3>\n<p><\/div><!-- --><div class=\"col\" style=\"width:35.333333333333%;padding-left: 3%; padding-right: 3%;\"><\/p>\n<h3>CONSULTORES<\/h3>\n<p><img decoding=\"async\" class=\"alignnone wp-image-441 size-full\" src=\"http:\/\/auctusbc.com\/wp\/wp-content\/uploads\/2014\/08\/business.jpg\" alt=\"business\" width=\"370\" height=\"248\" srcset=\"https:\/\/auctusbc.com\/wp\/wp-content\/uploads\/2014\/08\/business.jpg 370w, https:\/\/auctusbc.com\/wp\/wp-content\/uploads\/2014\/08\/business-300x201.jpg 300w\" sizes=\"(max-width: 370px) 100vw, 370px\" \/><br \/>\nEgresados de licenciatura\/ ingenier\u00eda, con o sin maestr\u00eda, donde acorde a su experiencia, conocimientos y logros, podr\u00e1n optar desde posiciones de Analista hasta Director de Proyectos, como antesala para convertirse en Socio de la Firma.<br \/>\nPara mayor informaci\u00f3n, cont\u00e1ctanos en nuestras oficinas, d\u00e9janos tu informaci\u00f3n o env\u00edala al correo.<\/p>\n<p><\/div><!-- --><div class=\"col\" style=\"width:32.333333333333%;padding-right: 0%; padding-left: 3%;\"><\/p>\n<h3>PANEL DE EXPERTOS<\/h3>\n<p><img decoding=\"async\" class=\"alignnone size-full wp-image-447\" src=\"http:\/\/auctusbc.com\/wp\/wp-content\/uploads\/2014\/08\/businessman.jpg\" alt=\"businessman\" width=\"370\" height=\"248\" srcset=\"https:\/\/auctusbc.com\/wp\/wp-content\/uploads\/2014\/08\/businessman.jpg 370w, https:\/\/auctusbc.com\/wp\/wp-content\/uploads\/2014\/08\/businessman-300x201.jpg 300w\" sizes=\"(max-width: 370px) 100vw, 370px\" \/><br \/>\nRed de Expertos independientes y Ejecutivos con experiencia espec\u00edfica en alg\u00fan sector o Industria que, una vez autorizados, podr\u00edan apoyar como \u201casesores\u201d (a tiempo parcial) en las etapas de An\u00e1lisis y Dise\u00f1o de los proyectos, asistiendo a reuniones espec\u00edficas de trabajo con el equipo directivo del Cliente. Para saber si eres candidato, d\u00e9janos tu informaci\u00f3n o env\u00edala al correo.<\/p>\n<p><\/div><!-- --><\/div>\n<p><img loading=\"lazy\" decoding=\"async\" class=\"aligncenter size-full wp-image-1565\" src=\"http:\/\/auctusbc.com\/wp\/wp-content\/uploads\/2021\/04\/unete_AuctusBC.jpg\" alt=\"Unete Auctus\" width=\"450\" height=\"93\" srcset=\"https:\/\/auctusbc.com\/wp\/wp-content\/uploads\/2021\/04\/unete_AuctusBC.jpg 450w, https:\/\/auctusbc.com\/wp\/wp-content\/uploads\/2021\/04\/unete_AuctusBC-300x62.jpg 300w\" sizes=\"(max-width: 450px) 100vw, 450px\" \/><\/p>\n","protected":false},"excerpt":{"rendered":"<p>\u00bfC\u00f3mo deseas colaborar con nosotros?<\/p>\n","protected":false},"author":1,"featured_media":0,"parent":0,"menu_order":0,"comment_status":"open","ping_status":"closed","template":"page-tmp-fullwidth.php","meta":{"_acf_changed":false,"om_disable_all_campaigns":false,"_exactmetrics_skip_tracking":false,"_exactmetrics_sitenote_active":false,"_exactmetrics_sitenote_note":"","_exactmetrics_sitenote_category":0,"_monsterinsights_skip_tracking":false,"_monsterinsights_sitenote_active":false,"_monsterinsights_sitenote_note":"","_monsterinsights_sitenote_category":0,"footnotes":""},"acf":[],"aioseo_notices":[],"_links":{"self":[{"href":"https:\/\/auctusbc.com\/es\/wp-json\/wp\/v2\/pages\/100"}],"collection":[{"href":"https:\/\/auctusbc.com\/es\/wp-json\/wp\/v2\/pages"}],"about":[{"href":"https:\/\/auctusbc.com\/es\/wp-json\/wp\/v2\/types\/page"}],"author":[{"embeddable":true,"href":"https:\/\/auctusbc.com\/es\/wp-json\/wp\/v2\/users\/1"}],"replies":[{"embeddable":true,"href":"https:\/\/auctusbc.com\/es\/wp-json\/wp\/v2\/comments?post=100"}],"version-history":[{"count":69,"href":"https:\/\/auctusbc.com\/es\/wp-json\/wp\/v2\/pages\/100\/revisions"}],"predecessor-version":[{"id":1567,"href":"https:\/\/auctusbc.com\/es\/wp-json\/wp\/v2\/pages\/100\/revisions\/1567"}],"wp:attachment":[{"href":"https:\/\/auctusbc.com\/es\/wp-json\/wp\/v2\/media?parent=100"}],"curies":[{"name":"wp","href":"https:\/\/api.w.org\/{rel}","templated":true}]}}