{"id":126,"date":"2014-08-04T14:35:32","date_gmt":"2014-08-04T19:35:32","guid":{"rendered":"http:\/\/auctusbc.com\/wp\/?page_id=126"},"modified":"2022-08-24T16:47:52","modified_gmt":"2022-08-24T21:47:52","slug":"bienes-de-consumo","status":"publish","type":"page","link":"https:\/\/auctusbc.com\/es\/sector\/bienes-de-consumo\/","title":{"rendered":"Bienes de Consumo"},"content":{"rendered":"<h2>Bienes de Consumo<\/h2>\n<p>En el Sector de Bienes de Consumo ubicamos a empresas de la industria de Alimentos y Bebidas, Belleza\/Aseo, Papel, Farmac\u00e9uticas, Qu\u00edmica b\u00e1sica, etc.<\/p>\n<h3>MERCADO<\/h3>\n<ul>\n<li>Alta competencia en precios y ganancia de participaci\u00f3n de mercado por medio de amplitud del portafolio de productos y econom\u00edas de escala.<\/li>\n<li>Concentraci\u00f3n de ventas en canal moderno y grandes superficies (\u201ccategory killers\u201d), con menores m\u00e1rgenes de rentabilidad y amplios plazos de pago.<\/li>\n<li>Exigencia del canal moderno en r\u00e1pidos tiempos de respuesta, certificaci\u00f3n de la calidad en el origen y corresponsabilidad en incumplimientos de servicio y abasto.<\/li>\n<\/ul>\n<h3>PROCESOS DE NEGOCIO<\/h3>\n<ul>\n<li>Planeaci\u00f3n de la Demanda (esquemas colaborativos con el Canal Distribuidor).<\/li>\n<li>Desarrollo y Ordenaci\u00f3n del Canal de Ventas, con su respectivo\u00a0control de precios acorde a intermediarios participantes.<\/li>\n<li>Administraci\u00f3n de Categor\u00edas (Capitaneo y vinculaci\u00f3n promocional con el Canal) y Promotor\u00eda.<\/li>\n<li>Sincronizaci\u00f3n de la Cadena de Suministro y disminuci\u00f3n de inventarios.<\/li>\n<li>Manufactura \u00e1gil, flexible y de bajo costo.<\/li>\n<\/ul>\n<h3>RETOS Y OPORTUNIDADES<\/h3>\n<ul>\n<li>Merchandising, Promotoreo y Gesti\u00f3n de Categor\u00edas desde PDV.<\/li>\n<li>Excelencia simult\u00e1nea en Tiempos de Entrega, Nivel de Servicio, Costo de Fabricaci\u00f3n e Inventarios.<\/li>\n<li>Evaluaci\u00f3n integral del Costo de Servir y su Efectividad.<\/li>\n<li>Evaluaci\u00f3n y an\u00e1lisis de oportunidades de expansi\u00f3n, as\u00ed como adecuaciones al Modelo de Negocios.<\/li>\n<\/ul>\n<h3>RECOMENDACIONES<\/h3>\n<ol>\n<li>Promover y atender iniciativas de desarrollo del Canal de Ventas, y gestionar en PDV la experiencia del consumidor;<\/li>\n<li>Disciplina y medici\u00f3n en la efectividad de la Programaci\u00f3n, Fabricaci\u00f3n y Log\u00edstica, en el nivel de servicio al cliente\/canal;<\/li>\n<li>Eficientar los procesos de abasto, fabricaci\u00f3n y distribuci\u00f3n, buscando la manufactura de bajo costo que permita precios y m\u00e1rgenes competitivos; entre otras\u2026<\/li>\n<\/ol>\n<p>&nbsp;<\/p>\n","protected":false},"excerpt":{"rendered":"<p>Bienes de Consumo En el Sector de Bienes de Consumo ubicamos a empresas de la industria de Alimentos y Bebidas, Belleza\/Aseo, Papel, Farmac\u00e9uticas, Qu\u00edmica b\u00e1sica, etc. MERCADO Alta competencia en precios y ganancia de participaci\u00f3n de mercado por medio de amplitud del portafolio de productos y econom\u00edas de escala. Concentraci\u00f3n de ventas en canal moderno [&hellip;]<\/p>\n","protected":false},"author":1,"featured_media":0,"parent":93,"menu_order":0,"comment_status":"open","ping_status":"open","template":"","meta":{"_acf_changed":false,"om_disable_all_campaigns":false,"_exactmetrics_skip_tracking":false,"_exactmetrics_sitenote_active":false,"_exactmetrics_sitenote_note":"","_exactmetrics_sitenote_category":0,"_monsterinsights_skip_tracking":false,"_monsterinsights_sitenote_active":false,"_monsterinsights_sitenote_note":"","_monsterinsights_sitenote_category":0,"footnotes":""},"acf":[],"aioseo_notices":[],"_links":{"self":[{"href":"https:\/\/auctusbc.com\/es\/wp-json\/wp\/v2\/pages\/126"}],"collection":[{"href":"https:\/\/auctusbc.com\/es\/wp-json\/wp\/v2\/pages"}],"about":[{"href":"https:\/\/auctusbc.com\/es\/wp-json\/wp\/v2\/types\/page"}],"author":[{"embeddable":true,"href":"https:\/\/auctusbc.com\/es\/wp-json\/wp\/v2\/users\/1"}],"replies":[{"embeddable":true,"href":"https:\/\/auctusbc.com\/es\/wp-json\/wp\/v2\/comments?post=126"}],"version-history":[{"count":8,"href":"https:\/\/auctusbc.com\/es\/wp-json\/wp\/v2\/pages\/126\/revisions"}],"predecessor-version":[{"id":1131,"href":"https:\/\/auctusbc.com\/es\/wp-json\/wp\/v2\/pages\/126\/revisions\/1131"}],"up":[{"embeddable":true,"href":"https:\/\/auctusbc.com\/es\/wp-json\/wp\/v2\/pages\/93"}],"wp:attachment":[{"href":"https:\/\/auctusbc.com\/es\/wp-json\/wp\/v2\/media?parent=126"}],"curies":[{"name":"wp","href":"https:\/\/api.w.org\/{rel}","templated":true}]}}