{"id":133,"date":"2014-08-04T15:27:26","date_gmt":"2014-08-04T20:27:26","guid":{"rendered":"http:\/\/auctusbc.com\/wp\/?page_id=133"},"modified":"2022-08-24T18:14:21","modified_gmt":"2022-08-24T23:14:21","slug":"sector-publico-y-organizaciones-sfl","status":"publish","type":"page","link":"https:\/\/auctusbc.com\/es\/sector\/sector-publico-y-organizaciones-sfl\/","title":{"rendered":"Sector Pu\u0301blico y Organizaciones SFL"},"content":{"rendered":"<h2>Sector Pu\u0301blico y Organizaciones SFL<\/h2>\n<p>En el Sector de Pu\u0301blico y Organizaciones SFL ubicamos a entidades y organismos de Gobierno en sus distintos o\u0301rdenes; Consejos Ciudadanos; Organizaciones Empresariales y Patronales de la Empresa Privada; Organizaciones Sindicales; Asistencia Social; Servicios Pu\u0301blicos; ONG \u0301s, etc.<\/p>\n<h3>MERCADO<\/h3>\n<ul>\n<li>Exigencia de transparencia y comunicacio\u0301n continua de logros y avances tangibles.<\/li>\n<li>Requisitos de normatividad\/compliance cada vez mayores, con mu\u0301ltiples entes visores\/auditores\/reguladores.<\/li>\n<li>Creciente nu\u0301mero de participantes que solicitan y compiten por presupuestos y\/o financiamientos.<\/li>\n<li>Dificultad en la gestio\u0301n de expectativas de los distintos stakeholders relacionados.<\/li>\n<\/ul>\n<h3>PROCESOS CLAVE DE NEGOCIO<\/h3>\n<ul>\n<li>Definicio\u0301n estrate\u0301gica y articulacio\u0301n de procesos de valor para usuarios\/ clientes.<\/li>\n<li>Planeacio\u0301n, asignacio\u0301n y control presupuestal.<\/li>\n<li>Gestio\u0301n de indicadores clave y compromisos de gobierno\/campan\u0303a.<\/li>\n<li>Modelo de Gestio\u0301n Interna (Calidad) alineado a requerimientos internos y externos.<\/li>\n<\/ul>\n<h3>RETOS Y OPORTUNIDADES<\/h3>\n<ul>\n<li>Definicio\u0301n de los grandes objetivos y alineacio\u0301n de todos los integrantes.<\/li>\n<li>Simplificacio\u0301n\/integracio\u0301n de requerimientos normativos a un u\u0301nico modelo de gestio\u0301n.<\/li>\n<li>Vinculacio\u0301n causa-efecto entre los objetivos\/compromisos y los KPI \u0301s de cada a\u0301rea.<\/li>\n<li>Aprovechamiento de todos los Medios de comunicacio\u0301n para reforzar la imagen y comunicar los logros en los objetivos planteados.<\/li>\n<\/ul>\n<h3>RECOMENDACIONES<\/h3>\n<ol>\n<li>Definir la estrategia general, misiones por \u00e1rea y desdoblarlo en planes funcionales;<\/li>\n<li>Definir la estrategia integral de comunicaci\u00f3n hacia dentro y fuera de la organizaci\u00f3n;<\/li>\n<li>Desarrollar un modelo de gesti\u00f3n integral, de procesos y resultados, para asegurar simult\u00e1neamente el cumplimiento a los requerimientos base, as\u00ed como el logro de los objetivos m\u00e1s retadores propuestos y\/o comprometidos con stakeholders; entre otras\u2026<\/li>\n<\/ol>\n","protected":false},"excerpt":{"rendered":"<p>Sector Pu\u0301blico y Organizaciones SFL En el Sector de Pu\u0301blico y Organizaciones SFL ubicamos a entidades y organismos de Gobierno en sus distintos o\u0301rdenes; Consejos Ciudadanos; Organizaciones Empresariales y Patronales de la Empresa Privada; Organizaciones Sindicales; Asistencia Social; Servicios Pu\u0301blicos; ONG \u0301s, etc. MERCADO Exigencia de transparencia y comunicacio\u0301n continua de logros y avances tangibles. [&hellip;]<\/p>\n","protected":false},"author":1,"featured_media":0,"parent":93,"menu_order":0,"comment_status":"open","ping_status":"open","template":"","meta":{"_acf_changed":false,"om_disable_all_campaigns":false,"_exactmetrics_skip_tracking":false,"_exactmetrics_sitenote_active":false,"_exactmetrics_sitenote_note":"","_exactmetrics_sitenote_category":0,"_monsterinsights_skip_tracking":false,"_monsterinsights_sitenote_active":false,"_monsterinsights_sitenote_note":"","_monsterinsights_sitenote_category":0,"footnotes":""},"acf":[],"aioseo_notices":[],"_links":{"self":[{"href":"https:\/\/auctusbc.com\/es\/wp-json\/wp\/v2\/pages\/133"}],"collection":[{"href":"https:\/\/auctusbc.com\/es\/wp-json\/wp\/v2\/pages"}],"about":[{"href":"https:\/\/auctusbc.com\/es\/wp-json\/wp\/v2\/types\/page"}],"author":[{"embeddable":true,"href":"https:\/\/auctusbc.com\/es\/wp-json\/wp\/v2\/users\/1"}],"replies":[{"embeddable":true,"href":"https:\/\/auctusbc.com\/es\/wp-json\/wp\/v2\/comments?post=133"}],"version-history":[{"count":5,"href":"https:\/\/auctusbc.com\/es\/wp-json\/wp\/v2\/pages\/133\/revisions"}],"predecessor-version":[{"id":316,"href":"https:\/\/auctusbc.com\/es\/wp-json\/wp\/v2\/pages\/133\/revisions\/316"}],"up":[{"embeddable":true,"href":"https:\/\/auctusbc.com\/es\/wp-json\/wp\/v2\/pages\/93"}],"wp:attachment":[{"href":"https:\/\/auctusbc.com\/es\/wp-json\/wp\/v2\/media?parent=133"}],"curies":[{"name":"wp","href":"https:\/\/api.w.org\/{rel}","templated":true}]}}