{"id":138,"date":"2014-08-04T15:35:13","date_gmt":"2014-08-04T20:35:13","guid":{"rendered":"http:\/\/auctusbc.com\/wp\/?page_id=138"},"modified":"2022-08-24T16:46:18","modified_gmt":"2022-08-24T21:46:18","slug":"agropecuario","status":"publish","type":"page","link":"https:\/\/auctusbc.com\/es\/sector\/agropecuario\/","title":{"rendered":"Agropecuario"},"content":{"rendered":"<h2>Agropecuario<\/h2>\n<p>En el Sector Agropecuario ubicamos a empresas relacionadas, directa o indirectamente, con la Agricultura, Ganader\u00eda y Pesca.<\/p>\n<h3>MERCADO<\/h3>\n<ul>\n<li>Agricultores \u201cde temporada\u201d que reciben subsidios econ\u00f3micos pero no soporte t\u00e9cnico y el desarrollo\/compartici\u00f3n de una infraestructura adecuada en campo.<\/li>\n<li>Dificultad log\u00edstica para llevar los productos a todo el pa\u00eds de manera oportuna y a bajo costo, manteniendo la cadena de fr\u00edo.<\/li>\n<li>Crecimiento a productos de valor agregado \u201corg\u00e1nicos\u201d dado los cambios en las preferencias del consumidor.<\/li>\n<li>Mercado de oportunidad en precio, muy sensible a la oferta y demanda y con bajo volumen comprometido a Cadenas de Autoservicios.<\/li>\n<li>Restricciones en la legislaci\u00f3n en algunos pa\u00edses de LATAM para ganar mayor escala en las operaciones, y necesidad de gestionar acuerdos directamente a nivel Federal, Municipal y en las Comunidades.<\/li>\n<\/ul>\n<h3>PROCESOS CLAVE DE NEGOCIO<\/h3>\n<ul>\n<li>An\u00e1lisis de factibilidad, acorde al costo integral de la Cadena de Abasto y Log\u00edstica de entrega.<\/li>\n<li>Planeaci\u00f3n Integral del Proyecto y atracci\u00f3n de Fondeo (Privado o P\u00fablico).<\/li>\n<li>Optimizaci\u00f3n de procesos claves con tecnolog\u00eda en equipos, analizando costo-beneficio de cada inversi\u00f3n.<\/li>\n<li>Supervisi\u00f3n intensiva en las distintas fases de cultivo o engorda, y control del costo.<\/li>\n<li>Sistema de Calidad e Inocuidad en las Operaciones de toda la Cadena de Abasto y Entrega.<\/li>\n<li>Innovaci\u00f3n en el empleo de mejores t\u00e9cnicas de cultivo y cosecha, documentando las mejores pr\u00e1cticas a nivel global (que rara vez est\u00e1n documentadas).<\/li>\n<\/ul>\n<h3>RETOS Y OPORTUNIDADES<\/h3>\n<ul>\n<li>Falta de educaci\u00f3n y profesionalizaci\u00f3n en el personal, as\u00ed como de sistemas de trabajo estandarizados para la realizaci\u00f3n de actividades.<\/li>\n<li>Soluciones y decisiones principalmente emp\u00edricas, sin soporte de datos y an\u00e1lisis.<\/li>\n<li>Dificultad para evaluar el rendimiento y costo espec\u00edfico por unidad\/parcela de trabajo.<\/li>\n<li>Falta y carencia de equipo e infraestructura, as\u00ed como la planificaci\u00f3n de necesidades (arrendamiento, escalonamiento, etc.) a lo largo de los ciclos productivos.<\/li>\n<\/ul>\n<h3>RECOMENDACIONES<\/h3>\n<ol>\n<li>Realizar un esquema de planeaci\u00f3n integral que se aplique para cualquier nuevo desarrollo, desde el an\u00e1lisis de factibilidad hasta su entrega al cliente\/distribuidor;<\/li>\n<li>Documentar los sistemas de trabajo (visuales\/poka yoke) que resuman las mejores pr\u00e1cticas de los expertos t\u00e9cnicos y faciliten un \u00e1rbol de decisiones para el 80\/20 de los problemas;<\/li>\n<li>Desarrollar procesos de control y gesti\u00f3n que identifiquen las entradas y salidas de insumos por unidad\/c\u00e9lula\/parcela de trabajo, que permitan evaluar la rentabilidad, as\u00ed como la generaci\u00f3n y capitalizaci\u00f3n de aprendizajes entre unidades de trabajo; entre otras\u2026<\/li>\n<\/ol>\n","protected":false},"excerpt":{"rendered":"<p>Agropecuario En el Sector Agropecuario ubicamos a empresas relacionadas, directa o indirectamente, con la Agricultura, Ganader\u00eda y Pesca. MERCADO Agricultores \u201cde temporada\u201d que reciben subsidios econ\u00f3micos pero no soporte t\u00e9cnico y el desarrollo\/compartici\u00f3n de una infraestructura adecuada en campo. Dificultad log\u00edstica para llevar los productos a todo el pa\u00eds de manera oportuna y a bajo [&hellip;]<\/p>\n","protected":false},"author":1,"featured_media":0,"parent":93,"menu_order":0,"comment_status":"open","ping_status":"open","template":"","meta":{"_acf_changed":false,"om_disable_all_campaigns":false,"_exactmetrics_skip_tracking":false,"_exactmetrics_sitenote_active":false,"_exactmetrics_sitenote_note":"","_exactmetrics_sitenote_category":0,"_monsterinsights_skip_tracking":false,"_monsterinsights_sitenote_active":false,"_monsterinsights_sitenote_note":"","_monsterinsights_sitenote_category":0,"footnotes":""},"acf":[],"aioseo_notices":[],"_links":{"self":[{"href":"https:\/\/auctusbc.com\/es\/wp-json\/wp\/v2\/pages\/138"}],"collection":[{"href":"https:\/\/auctusbc.com\/es\/wp-json\/wp\/v2\/pages"}],"about":[{"href":"https:\/\/auctusbc.com\/es\/wp-json\/wp\/v2\/types\/page"}],"author":[{"embeddable":true,"href":"https:\/\/auctusbc.com\/es\/wp-json\/wp\/v2\/users\/1"}],"replies":[{"embeddable":true,"href":"https:\/\/auctusbc.com\/es\/wp-json\/wp\/v2\/comments?post=138"}],"version-history":[{"count":7,"href":"https:\/\/auctusbc.com\/es\/wp-json\/wp\/v2\/pages\/138\/revisions"}],"predecessor-version":[{"id":172,"href":"https:\/\/auctusbc.com\/es\/wp-json\/wp\/v2\/pages\/138\/revisions\/172"}],"up":[{"embeddable":true,"href":"https:\/\/auctusbc.com\/es\/wp-json\/wp\/v2\/pages\/93"}],"wp:attachment":[{"href":"https:\/\/auctusbc.com\/es\/wp-json\/wp\/v2\/media?parent=138"}],"curies":[{"name":"wp","href":"https:\/\/api.w.org\/{rel}","templated":true}]}}