{"id":1503,"date":"2020-04-21T12:36:08","date_gmt":"2020-04-21T17:36:08","guid":{"rendered":"https:\/\/auctusbc.com\/asesoria-estrategica\/"},"modified":"2022-08-23T18:41:28","modified_gmt":"2022-08-23T23:41:28","slug":"asesoria-estrategica","status":"publish","type":"page","link":"https:\/\/auctusbc.com\/es\/asesoria-estrategica\/","title":{"rendered":"Asesor\u00eda Estrat\u00e9gica"},"content":{"rendered":"<h2><img fetchpriority=\"high\" decoding=\"async\" class=\"aligncenter size-full wp-image-1494\" src=\"https:\/\/auctusbc.com\/wp\/wp-content\/uploads\/2021\/01\/Soluciones-Estrategicas.png\" alt=\"Soluciones Estrat\u00e9gicas\" width=\"1024\" height=\"428\" srcset=\"https:\/\/auctusbc.com\/wp\/wp-content\/uploads\/2021\/01\/Soluciones-Estrategicas.png 1024w, https:\/\/auctusbc.com\/wp\/wp-content\/uploads\/2021\/01\/Soluciones-Estrategicas-300x125.png 300w, https:\/\/auctusbc.com\/wp\/wp-content\/uploads\/2021\/01\/Soluciones-Estrategicas-768x321.png 768w\" sizes=\"(max-width: 1024px) 100vw, 1024px\" \/>Soluciones Estrat\u00e9gicas<\/h2>\n<p>Brindamos asesor\u00eda estrat\u00e9gica para brindar soluciones y reestructurar tu empresa de forma \u00e1gil y eficiente. Responder a los retos de los tiempos actuales es posible con una asesor\u00eda adecuada y enfocada.<\/p>\n<p>Completa el siguiente registro y uno de nuestros especialistas te buscar\u00e1 para encontrar el mejor horario para conversar.<\/p>\n<script type=\"text\/javascript\">var gform;gform||(document.addEventListener(\"gform_main_scripts_loaded\",function(){gform.scriptsLoaded=!0}),window.addEventListener(\"DOMContentLoaded\",function(){gform.domLoaded=!0}),gform={domLoaded:!1,scriptsLoaded:!1,initializeOnLoaded:function(o){gform.domLoaded&&gform.scriptsLoaded?o():!gform.domLoaded&&gform.scriptsLoaded?window.addEventListener(\"DOMContentLoaded\",o):document.addEventListener(\"gform_main_scripts_loaded\",o)},hooks:{action:{},filter:{}},addAction:function(o,n,r,t){gform.addHook(\"action\",o,n,r,t)},addFilter:function(o,n,r,t){gform.addHook(\"filter\",o,n,r,t)},doAction:function(o){gform.doHook(\"action\",o,arguments)},applyFilters:function(o){return gform.doHook(\"filter\",o,arguments)},removeAction:function(o,n){gform.removeHook(\"action\",o,n)},removeFilter:function(o,n,r){gform.removeHook(\"filter\",o,n,r)},addHook:function(o,n,r,t,i){null==gform.hooks[o][n]&&(gform.hooks[o][n]=[]);var e=gform.hooks[o][n];null==i&&(i=n+\"_\"+e.length),gform.hooks[o][n].push({tag:i,callable:r,priority:t=null==t?10:t})},doHook:function(n,o,r){var t;if(r=Array.prototype.slice.call(r,1),null!=gform.hooks[n][o]&&((o=gform.hooks[n][o]).sort(function(o,n){return o.priority-n.priority}),o.forEach(function(o){\"function\"!=typeof(t=o.callable)&&(t=window[t]),\"action\"==n?t.apply(null,r):r[0]=t.apply(null,r)})),\"filter\"==n)return r[0]},removeHook:function(o,n,t,i){var r;null!=gform.hooks[o][n]&&(r=(r=gform.hooks[o][n]).filter(function(o,n,r){return!!(null!=i&&i!=o.tag||null!=t&&t!=o.priority)}),gform.hooks[o][n]=r)}});<\/script>\n                <div class='gf_browser_gecko gform_wrapper gform_legacy_markup_wrapper gform-theme--no-framework' data-form-theme='legacy' data-form-index='0' id='gform_wrapper_8' ><div id='gf_8' class='gform_anchor' tabindex='-1'><\/div>\n                        <div class='gform_heading'>\n                            <h3 class=\"gform_title\">Registro Asesor\u00eda Growth<\/h3>\n                            <p class='gform_description'><\/p>\n                        <\/div><form method='post' enctype='multipart\/form-data' target='gform_ajax_frame_8' id='gform_8'  action='\/es\/wp-json\/wp\/v2\/pages\/1503#gf_8' data-formid='8' novalidate>\n                        <div class='gform-body gform_body'><ul id='gform_fields_8' class='gform_fields right_label form_sublabel_above description_below validation_below'><li id=\"field_8_3\" class=\"gfield gfield--type-text gfield_contains_required field_sublabel_above gfield--no-description field_description_below field_validation_below gfield_visibility_visible\"  data-js-reload=\"field_8_3\" ><label class='gfield_label gform-field-label' for='input_8_3'>Nombre y Apellido<span class=\"gfield_required\"><span class=\"gfield_required gfield_required_asterisk\">*<\/span><\/span><\/label><div class='ginput_container ginput_container_text'><input name='input_3' id='input_8_3' type='text' value='' class='medium'   tabindex='20'  aria-required=\"true\" aria-invalid=\"false\"   \/> <\/div><\/li><li id=\"field_8_12\" class=\"gfield gfield--type-phone gfield_contains_required field_sublabel_above gfield--no-description field_description_below field_validation_below gfield_visibility_visible\"  data-js-reload=\"field_8_12\" ><label class='gfield_label gform-field-label' for='input_8_12'>Tel\u00e9fono de contacto<span class=\"gfield_required\"><span class=\"gfield_required gfield_required_asterisk\">*<\/span><\/span><\/label><div class='ginput_container ginput_container_phone'><input name='input_12' id='input_8_12' type='tel' value='' class='medium' tabindex='21'  aria-required=\"true\" aria-invalid=\"false\"   \/><\/div><\/li><li id=\"field_8_19\" class=\"gfield gfield--type-select field_sublabel_above gfield--no-description field_description_below field_validation_below gfield_visibility_visible\"  data-js-reload=\"field_8_19\" ><label class='gfield_label gform-field-label' for='input_8_19'>Puesto<\/label><div class='ginput_container ginput_container_select'><select name='input_19' id='input_8_19' class='medium gfield_select' tabindex='22'    aria-invalid=\"false\" ><option value='Due\u00f1o o Socio' >Due\u00f1o o Socio<\/option><option value='Director' >Director<\/option><option value='Gerente' >Gerente<\/option><option value='Coordinador' >Coordinador<\/option><option value='Empleado' >Empleado<\/option><\/select><\/div><\/li><li id=\"field_8_13\" class=\"gfield gfield--type-email gfield_contains_required field_sublabel_above gfield--no-description field_description_below field_validation_below gfield_visibility_visible\"  data-js-reload=\"field_8_13\" ><label class='gfield_label gform-field-label' for='input_8_13'>Correo electr\u00f3nico<span class=\"gfield_required\"><span class=\"gfield_required gfield_required_asterisk\">*<\/span><\/span><\/label><div class='ginput_container ginput_container_email'>\n                            <input name='input_13' id='input_8_13' type='email' value='' class='medium' tabindex='23'   aria-required=\"true\" aria-invalid=\"false\"  \/>\n                        <\/div><\/li><li id=\"field_8_11\" class=\"gfield gfield--type-section gsection field_sublabel_above gfield--no-description field_description_below field_validation_below gfield_visibility_visible\"  data-js-reload=\"field_8_11\" ><h2 class=\"gsection_title\">Informaci\u00f3n de la Empresa<\/h2><\/li><li id=\"field_8_1\" class=\"gfield gfield--type-text field_sublabel_above gfield--no-description field_description_below field_validation_below gfield_visibility_visible\"  data-js-reload=\"field_8_1\" ><label class='gfield_label gform-field-label' for='input_8_1'>Nombre de la Empresa<\/label><div class='ginput_container ginput_container_text'><input name='input_1' id='input_8_1' type='text' value='' class='medium'   tabindex='24'   aria-invalid=\"false\"   \/> <\/div><\/li><li id=\"field_8_21\" class=\"gfield gfield--type-text field_sublabel_above gfield--no-description field_description_below field_validation_below gfield_visibility_visible\"  data-js-reload=\"field_8_21\" ><label class='gfield_label gform-field-label' for='input_8_21'>P\u00e1gina Web<\/label><div class='ginput_container ginput_container_text'><input name='input_21' id='input_8_21' type='text' value='' class='medium'   tabindex='25'   aria-invalid=\"false\"   \/> <\/div><\/li><li id=\"field_8_4\" class=\"gfield gfield--type-select field_sublabel_above gfield--no-description field_description_below field_validation_below gfield_visibility_visible\"  data-js-reload=\"field_8_4\" ><label class='gfield_label gform-field-label' for='input_8_4'>N\u00famero de empleados<\/label><div class='ginput_container ginput_container_select'><select name='input_4' id='input_8_4' class='medium gfield_select' tabindex='26'    aria-invalid=\"false\" ><option value='1 a 50' >1 a 50<\/option><option value='50 a 100' >50 a 100<\/option><option value='100 a 500' >100 a 500<\/option><option value='500 a 1000' >500 a 1000<\/option><option value='m\u00e1s de 1000' >m\u00e1s de 1000<\/option><\/select><\/div><\/li><li id=\"field_8_6\" class=\"gfield gfield--type-multiselect gfield_contains_required field_sublabel_above gfield--has-description field_description_below field_validation_below gfield_visibility_visible\"  data-js-reload=\"field_8_6\" ><label class='gfield_label gform-field-label' for='input_8_6'>Sector de la empresa<span class=\"gfield_required\"><span class=\"gfield_required gfield_required_asterisk\">*<\/span><\/span><\/label><div class='ginput_container ginput_container_multiselect'><select multiple='multiple'  size='7' name='input_6[]' id='input_8_6' class='medium gfield_select' tabindex='27'  aria-invalid=\"false\" aria-required=\"true\" aria-describedby=\"gfield_description_8_6\"><option value='Agropecuario' >Agropecuario<\/option><option value='Bienes de uso duradero' >Bienes de uso duradero<\/option><option value='Bienes de Consumo' >Bienes de Consumo<\/option><option value='Comercio y Distribuci\u00f3n (Retail)' >Comercio y Distribuci\u00f3n (Retail)<\/option><option value='Educaci\u00f3n' >Educaci\u00f3n<\/option><option value='Esparcimiento y Medios' >Esparcimiento y Medios<\/option><option value='Financiero' >Financiero<\/option><option value='Inmobiliarias y Construccio\u0301n' >Inmobiliarias y Construccio\u0301n<\/option><option value='Miner\u00eda y Energ\u00eda' >Miner\u00eda y Energ\u00eda<\/option><option value='Sector Pu\u0301blico y Organizaciones SFL' >Sector Pu\u0301blico y Organizaciones SFL<\/option><option value='Servicios generales' >Servicios generales<\/option><option value='Servicios de salud' >Servicios de salud<\/option><option value='Telecomunicaciones y Tecnologi\u0301a' >Telecomunicaciones y Tecnologi\u0301a<\/option><\/select><\/div><div class='gfield_description' id='gfield_description_8_6'>\n\n\n\n\n\n\n\n\n\n<\/div><\/li><li id=\"field_8_8\" class=\"gfield gfield--type-textarea gfield_contains_required field_sublabel_above gfield--no-description field_description_below field_validation_below gfield_visibility_visible\"  data-js-reload=\"field_8_8\" ><label class='gfield_label gform-field-label' for='input_8_8'>\u00bfQu\u00e9 podemos hacer por ti? Describe el principal desaf\u00edo al que se enfrentan como empresa. Se lo m\u00e1s espec\u00edfico que puedas, para que la asesor\u00eda sea altamente productiva.<span class=\"gfield_required\"><span class=\"gfield_required gfield_required_asterisk\">*<\/span><\/span><\/label><div class='ginput_container ginput_container_textarea'><textarea name='input_8' id='input_8_8' class='textarea medium' tabindex='28'    aria-required=\"true\" aria-invalid=\"false\"   rows='10' cols='50'><\/textarea><\/div><\/li><li id=\"field_8_22\" class=\"gfield gfield--type-honeypot gform_validation_container field_sublabel_above gfield--has-description field_description_below field_validation_below gfield_visibility_visible\"  data-js-reload=\"field_8_22\" ><label class='gfield_label gform-field-label' for='input_8_22'>Comments<\/label><div class='ginput_container'><input name='input_22' id='input_8_22' type='text' value='' autocomplete='new-password'\/><\/div><div class='gfield_description' id='gfield_description_8_22'>This field is for validation purposes and should be left unchanged.<\/div><\/li><\/ul><\/div>\n        <div class='gform_footer right_label'> <input type='submit' id='gform_submit_button_8' class='gform_button button' value='SOLICITAR ASESOR\u00cdA' tabindex='29' onclick='if(window[\"gf_submitting_8\"]){return false;}  if( !jQuery(\"#gform_8\")[0].checkValidity || jQuery(\"#gform_8\")[0].checkValidity()){window[\"gf_submitting_8\"]=true;}  ' onkeypress='if( event.keyCode == 13 ){ if(window[\"gf_submitting_8\"]){return false;} if( !jQuery(\"#gform_8\")[0].checkValidity || jQuery(\"#gform_8\")[0].checkValidity()){window[\"gf_submitting_8\"]=true;}  jQuery(\"#gform_8\").trigger(\"submit\",[true]); }' \/> <input type='hidden' name='gform_ajax' value='form_id=8&amp;title=1&amp;description=1&amp;tabindex=0&amp;theme=legacy' \/>\n            <input type='hidden' class='gform_hidden' name='is_submit_8' value='1' \/>\n            <input type='hidden' class='gform_hidden' name='gform_submit' value='8' \/>\n            \n            <input type='hidden' class='gform_hidden' name='gform_unique_id' value='' \/>\n            <input type='hidden' class='gform_hidden' name='state_8' value='WyJbXSIsIjAwMzFjNjc1NzFiZTU2YjM1OTIxZDFlNGQxZWU4NGVjIl0=' \/>\n            <input type='hidden' class='gform_hidden' name='gform_target_page_number_8' id='gform_target_page_number_8' value='0' \/>\n            <input type='hidden' class='gform_hidden' name='gform_source_page_number_8' id='gform_source_page_number_8' value='1' \/>\n            <input type='hidden' name='gform_field_values' value='' \/>\n            \n        <\/div>\n                        <\/form>\n                        <\/div>\n\t\t                <iframe style='display:none;width:0px;height:0px;' src='about:blank' name='gform_ajax_frame_8' id='gform_ajax_frame_8' title='This iframe contains the logic required to handle Ajax powered Gravity Forms.'><\/iframe>\n\t\t                <script type=\"text\/javascript\">\n\/* <![CDATA[ *\/\n gform.initializeOnLoaded( function() {gformInitSpinner( 8, 'https:\/\/auctusbc.com\/wp\/wp-content\/plugins\/gravityforms\/images\/spinner.svg', true );jQuery('#gform_ajax_frame_8').on('load',function(){var contents = jQuery(this).contents().find('*').html();var is_postback = contents.indexOf('GF_AJAX_POSTBACK') >= 0;if(!is_postback){return;}var form_content = jQuery(this).contents().find('#gform_wrapper_8');var is_confirmation = jQuery(this).contents().find('#gform_confirmation_wrapper_8').length > 0;var is_redirect = contents.indexOf('gformRedirect(){') >= 0;var is_form = form_content.length > 0 && ! is_redirect && ! is_confirmation;var mt = parseInt(jQuery('html').css('margin-top'), 10) + parseInt(jQuery('body').css('margin-top'), 10) + 100;if(is_form){jQuery('#gform_wrapper_8').html(form_content.html());if(form_content.hasClass('gform_validation_error')){jQuery('#gform_wrapper_8').addClass('gform_validation_error');} else {jQuery('#gform_wrapper_8').removeClass('gform_validation_error');}setTimeout( function() { \/* delay the scroll by 50 milliseconds to fix a bug in chrome *\/ jQuery(document).scrollTop(jQuery('#gform_wrapper_8').offset().top - mt); }, 50 );if(window['gformInitDatepicker']) {gformInitDatepicker();}if(window['gformInitPriceFields']) {gformInitPriceFields();}var current_page = jQuery('#gform_source_page_number_8').val();gformInitSpinner( 8, 'https:\/\/auctusbc.com\/wp\/wp-content\/plugins\/gravityforms\/images\/spinner.svg', true );jQuery(document).trigger('gform_page_loaded', [8, current_page]);window['gf_submitting_8'] = false;}else if(!is_redirect){var confirmation_content = jQuery(this).contents().find('.GF_AJAX_POSTBACK').html();if(!confirmation_content){confirmation_content = contents;}jQuery('#gform_wrapper_8').replaceWith(confirmation_content);jQuery(document).scrollTop(jQuery('#gf_8').offset().top - mt);jQuery(document).trigger('gform_confirmation_loaded', [8]);window['gf_submitting_8'] = false;wp.a11y.speak(jQuery('#gform_confirmation_message_8').text());}else{jQuery('#gform_8').append(contents);if(window['gformRedirect']) {gformRedirect();}}jQuery(document).trigger(\"gform_pre_post_render\", [{ formId: \"8\", currentPage: \"current_page\", abort: function() { this.preventDefault(); } }]);                if (event && event.defaultPrevented) {                return;         }        const gformWrapperDiv = document.getElementById( \"gform_wrapper_8\" );        if ( gformWrapperDiv ) {            const visibilitySpan = document.createElement( \"span\" );            visibilitySpan.id = \"gform_visibility_test_8\";            gformWrapperDiv.insertAdjacentElement( \"afterend\", visibilitySpan );        }        const visibilityTestDiv = document.getElementById( \"gform_visibility_test_8\" );        let postRenderFired = false;                function triggerPostRender() {            if ( postRenderFired ) {                return;            }            postRenderFired = true;            jQuery( document ).trigger( 'gform_post_render', [8, current_page] );            gform.utils.trigger( { event: 'gform\/postRender', native: false, data: { formId: 8, currentPage: current_page } } );            if ( visibilityTestDiv ) {                visibilityTestDiv.parentNode.removeChild( visibilityTestDiv );            }        }        function debounce( func, wait, immediate ) {            var timeout;            return function() {                var context = this, args = arguments;                var later = function() {                    timeout = null;                    if ( !immediate ) func.apply( context, args );                };                var callNow = immediate && !timeout;                clearTimeout( timeout );                timeout = setTimeout( later, wait );                if ( callNow ) func.apply( context, args );            };        }        const debouncedTriggerPostRender = debounce( function() {            triggerPostRender();        }, 200 );        if ( visibilityTestDiv && visibilityTestDiv.offsetParent === null ) {            const observer = new MutationObserver( ( mutations ) => {                mutations.forEach( ( mutation ) => {                    if ( mutation.type === 'attributes' && visibilityTestDiv.offsetParent !== null ) {                        debouncedTriggerPostRender();                        observer.disconnect();                    }                });            });            observer.observe( document.body, {                attributes: true,                childList: false,                subtree: true,                attributeFilter: [ 'style', 'class' ],            });        } else {            triggerPostRender();        }    } );} ); \n\/* ]]> *\/\n<\/script>\n\n","protected":false},"excerpt":{"rendered":"<p>Soluciones Estrat\u00e9gicas Brindamos asesor\u00eda estrat\u00e9gica para brindar soluciones y reestructurar tu empresa de forma \u00e1gil y eficiente. Responder a los retos de los tiempos actuales es posible con una asesor\u00eda adecuada y enfocada. Completa el siguiente registro y uno de nuestros especialistas te buscar\u00e1 para encontrar el mejor horario para conversar.<\/p>\n","protected":false},"author":1,"featured_media":1495,"parent":0,"menu_order":0,"comment_status":"closed","ping_status":"closed","template":"","meta":{"_acf_changed":false,"om_disable_all_campaigns":false,"_exactmetrics_skip_tracking":false,"_exactmetrics_sitenote_active":false,"_exactmetrics_sitenote_note":"","_exactmetrics_sitenote_category":0,"_monsterinsights_skip_tracking":false,"_monsterinsights_sitenote_active":false,"_monsterinsights_sitenote_note":"","_monsterinsights_sitenote_category":0,"footnotes":""},"acf":[],"aioseo_notices":[],"_links":{"self":[{"href":"https:\/\/auctusbc.com\/es\/wp-json\/wp\/v2\/pages\/1503"}],"collection":[{"href":"https:\/\/auctusbc.com\/es\/wp-json\/wp\/v2\/pages"}],"about":[{"href":"https:\/\/auctusbc.com\/es\/wp-json\/wp\/v2\/types\/page"}],"author":[{"embeddable":true,"href":"https:\/\/auctusbc.com\/es\/wp-json\/wp\/v2\/users\/1"}],"replies":[{"embeddable":true,"href":"https:\/\/auctusbc.com\/es\/wp-json\/wp\/v2\/comments?post=1503"}],"version-history":[{"count":3,"href":"https:\/\/auctusbc.com\/es\/wp-json\/wp\/v2\/pages\/1503\/revisions"}],"predecessor-version":[{"id":1517,"href":"https:\/\/auctusbc.com\/es\/wp-json\/wp\/v2\/pages\/1503\/revisions\/1517"}],"wp:featuredmedia":[{"embeddable":true,"href":"https:\/\/auctusbc.com\/es\/wp-json\/wp\/v2\/media\/1495"}],"wp:attachment":[{"href":"https:\/\/auctusbc.com\/es\/wp-json\/wp\/v2\/media?parent=1503"}],"curies":[{"name":"wp","href":"https:\/\/api.w.org\/{rel}","templated":true}]}}