{"id":154,"date":"2014-08-04T16:42:35","date_gmt":"2014-08-04T21:42:35","guid":{"rendered":"http:\/\/auctusbc.com\/wp\/?page_id=154"},"modified":"2022-08-24T18:12:06","modified_gmt":"2022-08-24T23:12:06","slug":"mineria-y-energia","status":"publish","type":"page","link":"https:\/\/auctusbc.com\/es\/sector\/mineria-y-energia\/","title":{"rendered":"Miner\u00eda y Energ\u00eda"},"content":{"rendered":"<h2>Miner\u00eda y Energ\u00eda<\/h2>\n<p>En el Sector de Miner\u00eda y Energ\u00eda ubicamos a empresas dedicadas a la extracci\u00f3n y procesamiento de Minerales; extracci\u00f3n y explotaci\u00f3n de hidrocarburos; generaci\u00f3n de energ\u00eda; y la comercializaci\u00f3n y distribuci\u00f3n de derivados, as\u00ed como\u00a0energ\u00e9ticos para\u00a0empresas y usuarios, etc.<\/p>\n<h3>MERCADO<\/h3>\n<ul>\n<li>M\u00faltiples proveedores de insumos y servicios similares a las empresas paraestatales, donde existe una competencia f\u00e9rrea por precio.<\/li>\n<li>Procesos de licitaci\u00f3n y adquisiciones en algunos casos alargados y costosos, que consideran penalizaciones importantes en casos de incumplimiento, y en otros casos con plazos muy cortos e irreales de respuesta para participar.<\/li>\n<li>Altos costos log\u00edsticos e impositivos para comercializar minerales y energ\u00e9ticos.<\/li>\n<li>Desconocimiento de los Clientes sobre las oportunidades, facilidades y beneficios existentes, al\u00a0cambiar sus servicios de p\u00fablicos a privados.<\/li>\n<\/ul>\n<h3>PROCESOS CLAVES DE NEGOCIO<\/h3>\n<ul>\n<li>Planeaci\u00f3n, asignaci\u00f3n y control presupuestal.<\/li>\n<li>Planeaci\u00f3n integral de la Cadena de Suministro, desde la Log\u00edstica de entrada\/salida para suministros, servicios y producto terminado.<\/li>\n<li>Sistema de Mantenimiento integral a Equipos Productivos. Modelo de gesti\u00f3n y benchmarking internacional para la competitividad.<\/li>\n<li>Modelo de compensaci\u00f3n e incentivos al personal operativo, mandos medios y gerenciales\/directivos, en los proyectos.<\/li>\n<li>Planeaci\u00f3n y escalonamiento de turnos\/jornadas acorde a exigencias y condiciones laborales.<\/li>\n<li>Modelo de Gesti\u00f3n de Calidad alineado a requerimientos, normatividad y mejores pr\u00e1cticas.<\/li>\n<\/ul>\n<h3>RETOS Y OPORTUNIDADES<\/h3>\n<ul>\n<li>Alta burocracia y falta de comunicaci\u00f3n y trabajo colectivo para iniciativas que comprendan el involucramiento de m\u00e1s de una direcci\u00f3n funcional.<\/li>\n<li>Sector altamente regulado para la generaci\u00f3n de energ\u00eda o extracci\u00f3n de petr\u00f3leo\/gas, con altos requerimientos de inversi\u00f3n e incertidumbre sobre las condiciones que el proyecto tendr\u00e1 Vs el plan inicial.<\/li>\n<li>La inseguridad por parte del crimen organizado en la operaci\u00f3n de las minas o \u00e1reas geogr\u00e1ficas de riesgo.<\/li>\n<li>Aseguramiento de las adecuadas condiciones de operaci\u00f3n, as\u00ed como plan de renovaci\u00f3n acorde a costo-beneficio, para equipos productivos cr\u00edticos\/claves.<\/li>\n<li>Alineaci\u00f3n, vinculaci\u00f3n y simplificaci\u00f3n de los sistemas de informaci\u00f3n con los procesos de negocio.<\/li>\n<li>Mejora integral de la competitividad con enfoque a la productividad a bajo costo.<\/li>\n<li>Incentivos de logro bien articulados desde la alta direcci\u00f3n hasta la operaci\u00f3n y sindicato, generando modelos rentables de ganar-ganar a nivel mensual, trimestral y anual.<\/li>\n<\/ul>\n<h3>RECOMENDACIONES<\/h3>\n<ol>\n<li>Desarrollo de Modelos\/Planes de Negocio que consideren escenarios variantes a nivel ingresos, productividad, costos ocultos, y restricci\u00f3n de v\u00edas o afectaciones log\u00edsticas parciales, durante la vida del proyecto;<\/li>\n<li>Definir para cada l\u00ednea de operaci\u00f3n\/negocio 2-3 KPI\u00b4s clave para hacer benchmarking y focalizar las mejoras requeridas para la competitividad;<\/li>\n<li>Simplificaci\u00f3n y reingenier\u00eda de procesos internos, seguida de una re-parametrizaci\u00f3n o ajuste de los sistemas inform\u00e1ticos que la soportan;<\/li>\n<li>Protocolizaci\u00f3n y digitalizaci\u00f3n del proceso de adquisiciones, generando checklists que agilicen el proceso y aseguren el cumplimiento a todos los requerimientos de la licitaci\u00f3n; entre otras\u2026<\/li>\n<\/ol>\n<p>&nbsp;<\/p>\n<p>&nbsp;<\/p>\n<p>&nbsp;<\/p>\n","protected":false},"excerpt":{"rendered":"<p>Miner\u00eda y Energ\u00eda En el Sector de Miner\u00eda y Energ\u00eda ubicamos a empresas dedicadas a la extracci\u00f3n y procesamiento de Minerales; extracci\u00f3n y explotaci\u00f3n de hidrocarburos; generaci\u00f3n de energ\u00eda; y la comercializaci\u00f3n y distribuci\u00f3n de derivados, as\u00ed como\u00a0energ\u00e9ticos para\u00a0empresas y usuarios, etc. MERCADO M\u00faltiples proveedores de insumos y servicios similares a las empresas paraestatales, donde [&hellip;]<\/p>\n","protected":false},"author":1,"featured_media":0,"parent":93,"menu_order":0,"comment_status":"open","ping_status":"open","template":"","meta":{"_acf_changed":false,"om_disable_all_campaigns":false,"_exactmetrics_skip_tracking":false,"_exactmetrics_sitenote_active":false,"_exactmetrics_sitenote_note":"","_exactmetrics_sitenote_category":0,"_monsterinsights_skip_tracking":false,"_monsterinsights_sitenote_active":false,"_monsterinsights_sitenote_note":"","_monsterinsights_sitenote_category":0,"footnotes":""},"acf":[],"aioseo_notices":[],"_links":{"self":[{"href":"https:\/\/auctusbc.com\/es\/wp-json\/wp\/v2\/pages\/154"}],"collection":[{"href":"https:\/\/auctusbc.com\/es\/wp-json\/wp\/v2\/pages"}],"about":[{"href":"https:\/\/auctusbc.com\/es\/wp-json\/wp\/v2\/types\/page"}],"author":[{"embeddable":true,"href":"https:\/\/auctusbc.com\/es\/wp-json\/wp\/v2\/users\/1"}],"replies":[{"embeddable":true,"href":"https:\/\/auctusbc.com\/es\/wp-json\/wp\/v2\/comments?post=154"}],"version-history":[{"count":5,"href":"https:\/\/auctusbc.com\/es\/wp-json\/wp\/v2\/pages\/154\/revisions"}],"predecessor-version":[{"id":1143,"href":"https:\/\/auctusbc.com\/es\/wp-json\/wp\/v2\/pages\/154\/revisions\/1143"}],"up":[{"embeddable":true,"href":"https:\/\/auctusbc.com\/es\/wp-json\/wp\/v2\/pages\/93"}],"wp:attachment":[{"href":"https:\/\/auctusbc.com\/es\/wp-json\/wp\/v2\/media?parent=154"}],"curies":[{"name":"wp","href":"https:\/\/api.w.org\/{rel}","templated":true}]}}