{"id":157,"date":"2014-08-04T16:54:13","date_gmt":"2014-08-04T21:54:13","guid":{"rendered":"http:\/\/auctusbc.com\/wp\/?page_id=157"},"modified":"2022-08-24T18:15:12","modified_gmt":"2022-08-24T23:15:12","slug":"servicios-de-salud","status":"publish","type":"page","link":"https:\/\/auctusbc.com\/es\/sector\/servicios-de-salud\/","title":{"rendered":"Servicios de salud"},"content":{"rendered":"<h2>Servicios de salud<\/h2>\n<p>En el Sector de Servicios de Salud ubicamos a empresas y organismos de tipo Hospitalario, ya sean proveedores o prestadores de servicios; Veterinario; Centros Me\u0301dicos (generales o de especialidad), etc.<\/p>\n<h3>MERCADO<\/h3>\n<ul>\n<li>Existencia de grandes centros de atencio\u0301n para malestares ba\u0301sicos generales, pero pocos centros de especialidad a nivel regional&#8230;la mayori\u0301a de estos resultado de la iniciativa privada.<\/li>\n<li>Largos tiempos de espera para contar con la atencio\u0301n\/servicio, asi\u0301 como ineficiencia en el asignacio\u0301n de personal especialista y soporte en las distintas a\u0301reas.<\/li>\n<li>Mu\u0301ltiples proveedores, centralizados y locales, que traslapan en el ofrecimiento de servicios y suministros a centros me\u0301dicos, y que difieren en precio, calidad y servicio.<\/li>\n<li>Requisitos de normatividad\/compliance cada vez mayores, con mu\u0301ltiples entes auditores\/reguladores y con el pu\u0301blico en general exigiendo mayor transparencia.<\/li>\n<\/ul>\n<h3>PROCESOS CLAVE DE NEGOCIO<\/h3>\n<ul>\n<li>Planeacio\u0301n, asignacio\u0301n y control presupuestal.<\/li>\n<li>Gestio\u0301n integral de proveedores.<\/li>\n<li>Control de tiempos y costos de servicio por tipo de tratamiento\/ padecimiento.<\/li>\n<li>Modelo de Gestio\u0301n de Calidad alineado a requerimientos internos y externos.<\/li>\n<\/ul>\n<h3>RETOS Y OPORTUNIDADES<\/h3>\n<ul>\n<li>Falta de estandarizacio\u0301n en la prestacio\u0301n del servicio y modelo de operacio\u0301n interna en los distintos centros me\u0301dicos gubernamentales a lo largo del pai\u0301s.<\/li>\n<li>Falta de indicadores de eficiencia y eficacia entre los distintos operadores de servicios me\u0301dicos, que permitan a la sociedad comparar entre calidad y precio.<\/li>\n<li>Estandarizacio\u0301n y parametrizacio\u0301n de los sistemas de informacio\u0301n, que faciliten la trazabilidad en procesos internos, cumplan las regulaciones y midan la efectividad y eficiencia en la prestacio\u0301n de los servicios.<\/li>\n<\/ul>\n<h3>RECOMENDACIONES<\/h3>\n<ol>\n<li>Automatizaci\u00f3n\/sistematizaci\u00f3n del flujo del paciente y control de costos por \u00e1rea de servicio acorde a objetivos, generando alertas en proceso y toma de decisiones;<\/li>\n<li>Integrar un modelo de evaluaci\u00f3n y gesti\u00f3n de proveedores acorde a objetivos pactados y competitividad en precios (SLA\u00b4s);<\/li>\n<li>Implementar un modelo de gesti\u00f3n que eval\u00fae en tiempo real la efectividad de los servicios y su eficiencia en costo;<\/li>\n<li>Realizar una planeaci\u00f3n de inversiones que mejoren la cobertura de servicios m\u00e9dicos a nivel local, estatal y federal, acorde a estad\u00edstica demogr\u00e1fica;<\/li>\n<li>Coordinar esfuerzos y realizar acuerdos entre el gobierno y la iniciativa privada para que desarrolle centros de especialidad en regiones donde el gobierno no sea capaz; entre otras\u2026<\/li>\n<\/ol>\n","protected":false},"excerpt":{"rendered":"<p>Servicios de salud En el Sector de Servicios de Salud ubicamos a empresas y organismos de tipo Hospitalario, ya sean proveedores o prestadores de servicios; Veterinario; Centros Me\u0301dicos (generales o de especialidad), etc. MERCADO Existencia de grandes centros de atencio\u0301n para malestares ba\u0301sicos generales, pero pocos centros de especialidad a nivel regional&#8230;la mayori\u0301a de estos [&hellip;]<\/p>\n","protected":false},"author":1,"featured_media":0,"parent":93,"menu_order":0,"comment_status":"open","ping_status":"open","template":"","meta":{"_acf_changed":false,"om_disable_all_campaigns":false,"_exactmetrics_skip_tracking":false,"_exactmetrics_sitenote_active":false,"_exactmetrics_sitenote_note":"","_exactmetrics_sitenote_category":0,"_monsterinsights_skip_tracking":false,"_monsterinsights_sitenote_active":false,"_monsterinsights_sitenote_note":"","_monsterinsights_sitenote_category":0,"footnotes":""},"acf":[],"aioseo_notices":[],"_links":{"self":[{"href":"https:\/\/auctusbc.com\/es\/wp-json\/wp\/v2\/pages\/157"}],"collection":[{"href":"https:\/\/auctusbc.com\/es\/wp-json\/wp\/v2\/pages"}],"about":[{"href":"https:\/\/auctusbc.com\/es\/wp-json\/wp\/v2\/types\/page"}],"author":[{"embeddable":true,"href":"https:\/\/auctusbc.com\/es\/wp-json\/wp\/v2\/users\/1"}],"replies":[{"embeddable":true,"href":"https:\/\/auctusbc.com\/es\/wp-json\/wp\/v2\/comments?post=157"}],"version-history":[{"count":3,"href":"https:\/\/auctusbc.com\/es\/wp-json\/wp\/v2\/pages\/157\/revisions"}],"predecessor-version":[{"id":318,"href":"https:\/\/auctusbc.com\/es\/wp-json\/wp\/v2\/pages\/157\/revisions\/318"}],"up":[{"embeddable":true,"href":"https:\/\/auctusbc.com\/es\/wp-json\/wp\/v2\/pages\/93"}],"wp:attachment":[{"href":"https:\/\/auctusbc.com\/es\/wp-json\/wp\/v2\/media?parent=157"}],"curies":[{"name":"wp","href":"https:\/\/api.w.org\/{rel}","templated":true}]}}