{"id":1636,"date":"2021-06-30T18:33:45","date_gmt":"2021-06-30T23:33:45","guid":{"rendered":"https:\/\/auctusbc.com\/?page_id=1636"},"modified":"2022-08-24T16:36:00","modified_gmt":"2022-08-24T21:36:00","slug":"agrotech-descarga","status":"publish","type":"page","link":"https:\/\/auctusbc.com\/es\/agrotech-descarga\/","title":{"rendered":"Agrotech-Descarga"},"content":{"rendered":"<p><a href=\"https:\/\/auctusbc.com\/wp\/wp-content\/uploads\/2021\/06\/Agrotech-02.png\"><img fetchpriority=\"high\" decoding=\"async\" class=\"alignnone wp-image-1675 size-full\" src=\"https:\/\/auctusbc.com\/wp\/wp-content\/uploads\/2021\/06\/Agrotech-02.png\" alt=\"Agrotech\" width=\"1255\" height=\"573\" srcset=\"https:\/\/auctusbc.com\/wp\/wp-content\/uploads\/2021\/06\/Agrotech-02.png 1255w, https:\/\/auctusbc.com\/wp\/wp-content\/uploads\/2021\/06\/Agrotech-02-300x137.png 300w, https:\/\/auctusbc.com\/wp\/wp-content\/uploads\/2021\/06\/Agrotech-02-1024x468.png 1024w, https:\/\/auctusbc.com\/wp\/wp-content\/uploads\/2021\/06\/Agrotech-02-768x351.png 768w\" sizes=\"(max-width: 1255px) 100vw, 1255px\" \/><\/a><\/p>\n<p><a href=\"https:\/\/auctusbc.com\/wp\/wp-content\/uploads\/2021\/06\/Agrotech-1.png\"><img decoding=\"async\" class=\"wp-image-1682 alignleft\" src=\"https:\/\/auctusbc.com\/wp\/wp-content\/uploads\/2021\/06\/Agrotech-1.png\" alt=\"\" width=\"478\" height=\"323\" \/><\/a><\/p>\n<p>La industria agr\u00edcola est\u00e1 evolucionando, hoy en d\u00eda a nivel mundial se busca generar valor, mejorar rendimientos y establecer mejores pr\u00e1cticas en el campo a trav\u00e9s de la incorporaci\u00f3n de las nuevas tecnolog\u00edas soportando la operaci\u00f3n y favoreciendo la gesti\u00f3n de las diferentes actividades&#8230;<\/p>\n\n<h6><span class=\"btn btn-cyan btn-blue silver\"><a href=\"https:\/\/auctusbc.com\/es\/politica-de-privacidad\/\">Consulta nuestras pol\u00edticas de privacidad.<\/a><\/span><\/h6>\n","protected":false},"excerpt":{"rendered":"<p>La industria agr\u00edcola est\u00e1 evolucionando, hoy en d\u00eda a nivel mundial se busca generar valor, mejorar rendimientos y establecer mejores pr\u00e1cticas en el campo a trav\u00e9s de la incorporaci\u00f3n de las nuevas tecnolog\u00edas soportando la operaci\u00f3n y favoreciendo la gesti\u00f3n de las diferentes actividades&#8230; Consulta nuestras pol\u00edticas de privacidad.<\/p>\n","protected":false},"author":1,"featured_media":1641,"parent":0,"menu_order":0,"comment_status":"closed","ping_status":"closed","template":"","meta":{"_acf_changed":false,"om_disable_all_campaigns":false,"_exactmetrics_skip_tracking":false,"_exactmetrics_sitenote_active":false,"_exactmetrics_sitenote_note":"","_exactmetrics_sitenote_category":0,"_monsterinsights_skip_tracking":false,"_monsterinsights_sitenote_active":false,"_monsterinsights_sitenote_note":"","_monsterinsights_sitenote_category":0,"footnotes":""},"acf":[],"aioseo_notices":[],"_links":{"self":[{"href":"https:\/\/auctusbc.com\/es\/wp-json\/wp\/v2\/pages\/1636"}],"collection":[{"href":"https:\/\/auctusbc.com\/es\/wp-json\/wp\/v2\/pages"}],"about":[{"href":"https:\/\/auctusbc.com\/es\/wp-json\/wp\/v2\/types\/page"}],"author":[{"embeddable":true,"href":"https:\/\/auctusbc.com\/es\/wp-json\/wp\/v2\/users\/1"}],"replies":[{"embeddable":true,"href":"https:\/\/auctusbc.com\/es\/wp-json\/wp\/v2\/comments?post=1636"}],"version-history":[{"count":14,"href":"https:\/\/auctusbc.com\/es\/wp-json\/wp\/v2\/pages\/1636\/revisions"}],"predecessor-version":[{"id":1690,"href":"https:\/\/auctusbc.com\/es\/wp-json\/wp\/v2\/pages\/1636\/revisions\/1690"}],"wp:featuredmedia":[{"embeddable":true,"href":"https:\/\/auctusbc.com\/es\/wp-json\/wp\/v2\/media\/1641"}],"wp:attachment":[{"href":"https:\/\/auctusbc.com\/es\/wp-json\/wp\/v2\/media?parent=1636"}],"curies":[{"name":"wp","href":"https:\/\/api.w.org\/{rel}","templated":true}]}}