{"id":1738,"date":"2022-08-23T18:53:01","date_gmt":"2022-08-23T23:53:01","guid":{"rendered":"https:\/\/auctusbc.com\/?page_id=1738"},"modified":"2022-08-23T18:53:01","modified_gmt":"2022-08-23T23:53:01","slug":"consultor-senior","status":"publish","type":"page","link":"https:\/\/auctusbc.com\/es\/consultor-senior\/","title":{"rendered":"Consultor Senior"},"content":{"rendered":"<p>El Consultor Senior es el responsable de apoyar a un \u00e1rea o iniciativa en particular, en el dise\u00f1o e implementaci\u00f3n de soluciones de negocio enfocadas a procesos, organizaci\u00f3n y gesti\u00f3n para organizaciones de los diferentes sectores de la industria, siempre bajo las metodolog\u00edas de competitividad y crecimiento Auctus.<\/p>\n<p><strong>Perfil<\/strong><\/p>\n<p>&#8211; Carrera: Ingenier\u00eda Industrial o a fin.<\/p>\n<p>&#8211; Experiencia de m\u00e1s de 3 a\u00f1os en consultor\u00eda, dise\u00f1o y levantamiento de procesos, an\u00e1lisis de datos, desarrollo de procesos y procedimientos.<\/p>\n<p>&#8211; Conocimiento deseable de \u00e1reas operativas de las cadenas de valor o \u00e1rea (ventas, operaciones, log\u00edstica, finanzas, etc) corporativa de una organizaci\u00f3n.<\/p>\n<p>&nbsp;<\/p>\n<p><strong>Conocimientos en<\/strong><\/p>\n<p>Consultor\u00eda de estrategia<\/p>\n<p>Operaciones y Lean Manufacturing<\/p>\n<p>Estrategia y T\u00e1ctica comercial<\/p>\n<p>Reingenier\u00eda y gesti\u00f3n de procesos<\/p>\n<p>Finanzas y Administraci\u00f3n<\/p>\n<p>Organizaci\u00f3n Lean<\/p>\n<p>&nbsp;<\/p>\n<p><strong>Certificaciones (deseadas) no limitativas:<\/strong><\/p>\n<p>Six Sigma, Lean Manufacturing, Gesti\u00f3n de Proyectos (PMP), administraci\u00f3n de la calidad, Gesti\u00f3n por Indicadores (BSC), Organizaci\u00f3n Lean, Metodolog\u00edas \u00c1giles, Scrum Master, Transformaci\u00f3n Digital<\/p>\n<p>&nbsp;<\/p>\n<p>&#8211; Disponibilidad Inmediata, disponibilidad para viajar<\/p>\n<p>&nbsp;<\/p>\n<p><strong>Idiomas<\/strong><\/p>\n<p>&#8211; Ingl\u00e9s avanzado (C1 \u00f3 mas de 95 pts TOEFL IBT)<\/p>\n<p>Visa y Pasaporte vigentes.<\/p>\n<p>&nbsp;<\/p>\n<p><strong>Conocimientos Tecnol\u00f3gicos<\/strong><\/p>\n<p>Nivel Experto en Paqueter\u00eda Office (Power Point, Excel, Visio, Project)<\/p>\n<p>Power BI (deseable)<\/p>\n<p>&nbsp;<\/p>\n<p><strong>Habilidades Requeridas<\/strong><\/p>\n<p>Liderazgo<\/p>\n<p>Proactividad<\/p>\n<p>Gesti\u00f3n de Personal<\/p>\n<p>Trabajo en equipo<\/p>\n<p>Manejo del Cliente<\/p>\n<p>&nbsp;<\/p>\n<p><strong>Prestaciones<\/strong><\/p>\n<p>Seguro de Gastos M\u00e9dicos Mayores y Menores<\/p>\n<p>Seguro de Vida<\/p>\n<p>Vales de Despensa<\/p>\n<p>Bonos por Desempe\u00f1o<\/p>\n<p>Plan de Desarrollo Profesional<\/p>\n<p>Programa de Mentoring<\/p>\n","protected":false},"excerpt":{"rendered":"<p>El Consultor Senior es el responsable de apoyar a un \u00e1rea o iniciativa en particular, en el dise\u00f1o e implementaci\u00f3n de soluciones de negocio enfocadas a procesos, organizaci\u00f3n y gesti\u00f3n para organizaciones de los diferentes sectores de la industria, siempre bajo las metodolog\u00edas de competitividad y crecimiento Auctus. Perfil &#8211; Carrera: Ingenier\u00eda Industrial o a [&hellip;]<\/p>\n","protected":false},"author":1,"featured_media":0,"parent":0,"menu_order":0,"comment_status":"closed","ping_status":"closed","template":"","meta":{"_acf_changed":false,"om_disable_all_campaigns":false,"_exactmetrics_skip_tracking":false,"_exactmetrics_sitenote_active":false,"_exactmetrics_sitenote_note":"","_exactmetrics_sitenote_category":0,"_monsterinsights_skip_tracking":false,"_monsterinsights_sitenote_active":false,"_monsterinsights_sitenote_note":"","_monsterinsights_sitenote_category":0,"footnotes":""},"acf":[],"aioseo_notices":[],"_links":{"self":[{"href":"https:\/\/auctusbc.com\/es\/wp-json\/wp\/v2\/pages\/1738"}],"collection":[{"href":"https:\/\/auctusbc.com\/es\/wp-json\/wp\/v2\/pages"}],"about":[{"href":"https:\/\/auctusbc.com\/es\/wp-json\/wp\/v2\/types\/page"}],"author":[{"embeddable":true,"href":"https:\/\/auctusbc.com\/es\/wp-json\/wp\/v2\/users\/1"}],"replies":[{"embeddable":true,"href":"https:\/\/auctusbc.com\/es\/wp-json\/wp\/v2\/comments?post=1738"}],"version-history":[{"count":1,"href":"https:\/\/auctusbc.com\/es\/wp-json\/wp\/v2\/pages\/1738\/revisions"}],"predecessor-version":[{"id":1886,"href":"https:\/\/auctusbc.com\/es\/wp-json\/wp\/v2\/pages\/1738\/revisions\/1886"}],"wp:attachment":[{"href":"https:\/\/auctusbc.com\/es\/wp-json\/wp\/v2\/media?parent=1738"}],"curies":[{"name":"wp","href":"https:\/\/api.w.org\/{rel}","templated":true}]}}