{"id":1742,"date":"2022-01-04T12:03:30","date_gmt":"2022-01-04T18:03:30","guid":{"rendered":"https:\/\/auctusbc.com\/?page_id=1742"},"modified":"2022-08-30T14:14:22","modified_gmt":"2022-08-30T19:14:22","slug":"vacantes","status":"publish","type":"page","link":"https:\/\/auctusbc.com\/es\/unirse-a-auctus\/vacantes\/","title":{"rendered":"Vacantes"},"content":{"rendered":"<h2>En Auctus estamos creciendo y tenemos oportunidades para que te integres a nuestro equipo:<\/h2>\n<p>Conoce aqu\u00ed las posiciones que estamos buscando y experimenta la posibilidad la transformaci\u00f3n sumando con tu talento al crecimiento de nuestra Firma.<\/p>\n<h2>Consultor Senior\u00a0(Biling\u00fce)<\/h2>\n<p>Experiencia de m\u00e1s de 3 a\u00f1os en consultor\u00eda, dise\u00f1o y levantamiento de procesos, an\u00e1lisis de datos, desarrollo de procesos y procedimientos.<\/p>\n<p>Es el responsable de apoyar a un \u00e1rea o iniciativa en particular, en el dise\u00f1o e implementaci\u00f3n de soluciones de negocio enfocadas a procesos, organizaci\u00f3n y gesti\u00f3n para organizaciones de los diferentes sectores de la industria, siempre bajo las metodolog\u00edas de competitividad y crecimiento Auctus.<\/p>\n<p><a href=\"https:\/\/auctusbc.com\/es\/unirse-a-auctus\/consultor-senior-de-it-bilingue\/\" target=\"_blank\" rel=\"noopener noreferrer\">Ver detalle<\/a><\/p>\n<h2>Consultor Senior<\/h2>\n<p>Experiencia de m\u00e1s de 3 a\u00f1os en consultor\u00eda, dise\u00f1o y levantamiento de procesos, an\u00e1lisis de datos, desarrollo de procesos y procedimientos.<\/p>\n<p>Es el responsable de apoyar a un \u00e1rea o iniciativa en particular, en el dise\u00f1o e implementaci\u00f3n de soluciones de negocio enfocadas a procesos, organizaci\u00f3n y gesti\u00f3n para organizaciones de los diferentes sectores de la industria, siempre bajo las metodolog\u00edas de competitividad y crecimiento Auctus.<\/p>\n<p><a href=\"https:\/\/auctusbc.com\/es\/unirse-a-auctus\/consultor-senior\" target=\"_blank\" rel=\"noopener noreferrer\">Ver detalle<\/a><\/p>\n<h2>Consultor<\/h2>\n<p>Experiencia hasta de 1 a\u00f1o en consultor\u00eda, dise\u00f1o y levantamiento de procesos, an\u00e1lisis de datos, desarrollo de procesos y procedimientos.<\/p>\n<p>Es el responsable de apoyar a un \u00e1rea o iniciativa en particular, en el dise\u00f1o e implementaci\u00f3n de soluciones de negocio enfocadas a procesos, organizaci\u00f3n y gesti\u00f3n para organizaciones de los diferentes sectores de la industria, siempre bajo las metodolog\u00edas de competitividad y crecimiento Auctus.<\/p>\n<p><a href=\"https:\/\/auctusbc.com\/es\/unirse-a-auctus\/consultor\" target=\"_blank\" rel=\"noopener noreferrer\">Ver detalle<\/a><\/p>\n<p>&nbsp;<\/p>\n<p><img fetchpriority=\"high\" decoding=\"async\" class=\"aligncenter size-full wp-image-1772\" src=\"https:\/\/auctusbc.com\/wp\/wp-content\/uploads\/2022\/01\/Auctus_Oportunidades_Laborales.png\" alt=\"\" width=\"950\" height=\"497\" srcset=\"https:\/\/auctusbc.com\/wp\/wp-content\/uploads\/2022\/01\/Auctus_Oportunidades_Laborales.png 950w, https:\/\/auctusbc.com\/wp\/wp-content\/uploads\/2022\/01\/Auctus_Oportunidades_Laborales-300x157.png 300w, https:\/\/auctusbc.com\/wp\/wp-content\/uploads\/2022\/01\/Auctus_Oportunidades_Laborales-768x402.png 768w\" sizes=\"(max-width: 950px) 100vw, 950px\" \/><\/p>\n","protected":false},"excerpt":{"rendered":"<p>En Auctus estamos creciendo y tenemos oportunidades para que te integres a nuestro equipo: Conoce aqu\u00ed las posiciones que estamos buscando y experimenta la posibilidad la transformaci\u00f3n sumando con tu talento al crecimiento de nuestra Firma. Consultor Senior\u00a0(Biling\u00fce) Experiencia de m\u00e1s de 3 a\u00f1os en consultor\u00eda, dise\u00f1o y levantamiento de procesos, an\u00e1lisis de datos, desarrollo [&hellip;]<\/p>\n","protected":false},"author":1,"featured_media":1768,"parent":100,"menu_order":0,"comment_status":"closed","ping_status":"closed","template":"page-tmp-fullwidth.php","meta":{"_acf_changed":false,"om_disable_all_campaigns":false,"_exactmetrics_skip_tracking":false,"_exactmetrics_sitenote_active":false,"_exactmetrics_sitenote_note":"","_exactmetrics_sitenote_category":0,"_monsterinsights_skip_tracking":false,"_monsterinsights_sitenote_active":false,"_monsterinsights_sitenote_note":"","_monsterinsights_sitenote_category":0,"footnotes":""},"acf":[],"aioseo_notices":[],"_links":{"self":[{"href":"https:\/\/auctusbc.com\/es\/wp-json\/wp\/v2\/pages\/1742"}],"collection":[{"href":"https:\/\/auctusbc.com\/es\/wp-json\/wp\/v2\/pages"}],"about":[{"href":"https:\/\/auctusbc.com\/es\/wp-json\/wp\/v2\/types\/page"}],"author":[{"embeddable":true,"href":"https:\/\/auctusbc.com\/es\/wp-json\/wp\/v2\/users\/1"}],"replies":[{"embeddable":true,"href":"https:\/\/auctusbc.com\/es\/wp-json\/wp\/v2\/comments?post=1742"}],"version-history":[{"count":17,"href":"https:\/\/auctusbc.com\/es\/wp-json\/wp\/v2\/pages\/1742\/revisions"}],"predecessor-version":[{"id":1879,"href":"https:\/\/auctusbc.com\/es\/wp-json\/wp\/v2\/pages\/1742\/revisions\/1879"}],"up":[{"embeddable":true,"href":"https:\/\/auctusbc.com\/es\/wp-json\/wp\/v2\/pages\/100"}],"wp:featuredmedia":[{"embeddable":true,"href":"https:\/\/auctusbc.com\/es\/wp-json\/wp\/v2\/media\/1768"}],"wp:attachment":[{"href":"https:\/\/auctusbc.com\/es\/wp-json\/wp\/v2\/media?parent=1742"}],"curies":[{"name":"wp","href":"https:\/\/api.w.org\/{rel}","templated":true}]}}