{"id":1748,"date":"2022-01-04T11:27:31","date_gmt":"2022-01-04T17:27:31","guid":{"rendered":"https:\/\/auctusbc.com\/?page_id=1748"},"modified":"2022-08-24T18:21:14","modified_gmt":"2022-08-24T23:21:14","slug":"consultor-business-analyst","status":"publish","type":"page","link":"https:\/\/auctusbc.com\/es\/unirse-a-auctus\/consultor-business-analyst\/","title":{"rendered":"Consultor Business Analyst"},"content":{"rendered":"<h2><strong>Consultor Business Analyst<\/strong><\/h2>\n<p>Nuestra firma es un importante grupo de empresas que fusionan en perfecto equilibrio la tecnolog\u00eda inform\u00e1tica y la alta administraci\u00f3n de negocios. A trav\u00e9s de nuestras soluciones, consultor\u00eda y estrategia empresarial, hemos acompa\u00f1ado a m\u00e1s de 10,000 usuarios en el reto de la transformaci\u00f3n digital.<\/p>\n<p>A trav\u00e9s de nuestra metodolog\u00eda de implementaci\u00f3n basada en experiencia y conocimiento \u00a0buscamos convertirnos en socios estrat\u00e9gicos de nuestros clientes para contribuir tangiblemente en su competitividad y crecimiento.<\/p>\n<p>Estamos buscando el mejor talento para que nos ayude en la planeaci\u00f3n, organizaci\u00f3n, ejecuci\u00f3n, control y evaluaci\u00f3n de nuestros proyectos , as\u00ed como de las actividades de relacionamiento p\u00fablico de nuestra empresa y asociados.<\/p>\n<p>Si eres innovador, te gustan los retos y tener un aprendizaje acelerado\u00a0 te estamos buscando , \u00fanete a nuestras filas.<\/p>\n<p><strong>Perfil:<\/strong><\/p>\n<ul>\n<li>Lic. Administraci\u00f3n, Ing. Industrial, carreras afines<\/li>\n<li>Ingl\u00e9s \u2013 avanzado<\/li>\n<\/ul>\n<p><strong>Experiencia indispensable requerida:<\/strong><\/p>\n<ul>\n<li>Creaci\u00f3n de diagramas de flujo<\/li>\n<li>Conocimiento en BPM (business process management)<\/li>\n<li>Project Management<\/li>\n<li>Lean Manufacturing<\/li>\n<li>Abastecimiento, Cadena de Suministro<\/li>\n<li>Programaci\u00f3n de la producci\u00f3n<\/li>\n<li>Conocimiento de metodolog\u00edas de administraci\u00f3n de proyectos (Agile, Waterfall, PMP \u00f3 SCRUM)<\/li>\n<li>Entender c\u00f3mo realizar procesos y soportarlos con herramientas de tecnol\u00f3gicas.<\/li>\n<li>Conocimientos de Arquitectura empresarial.<\/li>\n<li>Documentar actividades de proyectos<\/li>\n<li>Entender c\u00f3mo realizar procesos y soportarlos con herramientas de tecnol\u00f3gicas.<\/li>\n<li>Metodolog\u00eda de documentaci\u00f3n de procesos y procedimientos.<\/li>\n<li>Dise\u00f1o y creaci\u00f3n de los entregables comprometidos en las propuestas de servicios.<\/li>\n<li>Participaci\u00f3n activa en las juntas de trabajo, comit\u00e9s y talleres con el cliente final.<\/li>\n<li>Liderar reuniones de trabajo, comit\u00e9s y talleres con el cliente final.<\/li>\n<li>Atiende compromisos acordados con el cliente conforme a fechas comprometidas con calidad y no en entregas parciales.<\/li>\n<\/ul>\n<p><strong>Conocimientos t\u00e9cnicos:<\/strong><\/p>\n<ul>\n<li>OFFICE 365<\/li>\n<li>Excel intermedio, avanzado<\/li>\n<li>CRM<\/li>\n<li>Green Belt<\/li>\n<li>Lean Manufacturing<\/li>\n<li>Scrum Master\/PMP<\/li>\n<\/ul>\n<p><strong>Habilidades requeridas:<\/strong><\/p>\n<ul>\n<li>Excelente comunicaci\u00f3n<\/li>\n<li>Alta organizaci\u00f3n<\/li>\n<li>Gusto por el an\u00e1lisis de datos y generaci\u00f3n de ideas<\/li>\n<\/ul>\n<p><strong>Conocimientos generales:<\/strong><\/p>\n<ul>\n<li>Manejo y entendimiento de bases de datos.<\/li>\n<li>Implementaci\u00f3n de herramientas que soporten procesos tipo ERP, CRM, Workflow<\/li>\n<li>Gesti\u00f3n de proyectos<\/li>\n<\/ul>\n<p><strong>Ofrecemos:<\/strong><\/p>\n<ul>\n<li>Seguro de gastos m\u00e9dicos mayores y dental<\/li>\n<li>Seguro de gastos m\u00e9dicos menores (VRIM)<\/li>\n<li>Caja de ahorro<\/li>\n<li>Prestaciones de Ley<\/li>\n<li>Sueldo competitivo<\/li>\n<\/ul>\n<p>SI CUMPLES LOS REQUISITOS ESTAREMOS ENTUSIASMADOS DE PLATICAR CONTIGO<\/p>\n","protected":false},"excerpt":{"rendered":"<p>Consultor Business Analyst Nuestra firma es un importante grupo de empresas que fusionan en perfecto equilibrio la tecnolog\u00eda inform\u00e1tica y la alta administraci\u00f3n de negocios. A trav\u00e9s de nuestras soluciones, consultor\u00eda y estrategia empresarial, hemos acompa\u00f1ado a m\u00e1s de 10,000 usuarios en el reto de la transformaci\u00f3n digital. A trav\u00e9s de nuestra metodolog\u00eda de implementaci\u00f3n [&hellip;]<\/p>\n","protected":false},"author":1,"featured_media":0,"parent":100,"menu_order":0,"comment_status":"closed","ping_status":"closed","template":"","meta":{"_acf_changed":false,"om_disable_all_campaigns":false,"_exactmetrics_skip_tracking":false,"_exactmetrics_sitenote_active":false,"_exactmetrics_sitenote_note":"","_exactmetrics_sitenote_category":0,"_monsterinsights_skip_tracking":false,"_monsterinsights_sitenote_active":false,"_monsterinsights_sitenote_note":"","_monsterinsights_sitenote_category":0,"footnotes":""},"acf":[],"aioseo_notices":[],"_links":{"self":[{"href":"https:\/\/auctusbc.com\/es\/wp-json\/wp\/v2\/pages\/1748"}],"collection":[{"href":"https:\/\/auctusbc.com\/es\/wp-json\/wp\/v2\/pages"}],"about":[{"href":"https:\/\/auctusbc.com\/es\/wp-json\/wp\/v2\/types\/page"}],"author":[{"embeddable":true,"href":"https:\/\/auctusbc.com\/es\/wp-json\/wp\/v2\/users\/1"}],"replies":[{"embeddable":true,"href":"https:\/\/auctusbc.com\/es\/wp-json\/wp\/v2\/comments?post=1748"}],"version-history":[{"count":8,"href":"https:\/\/auctusbc.com\/es\/wp-json\/wp\/v2\/pages\/1748\/revisions"}],"predecessor-version":[{"id":1814,"href":"https:\/\/auctusbc.com\/es\/wp-json\/wp\/v2\/pages\/1748\/revisions\/1814"}],"up":[{"embeddable":true,"href":"https:\/\/auctusbc.com\/es\/wp-json\/wp\/v2\/pages\/100"}],"wp:attachment":[{"href":"https:\/\/auctusbc.com\/es\/wp-json\/wp\/v2\/media?parent=1748"}],"curies":[{"name":"wp","href":"https:\/\/api.w.org\/{rel}","templated":true}]}}