{"id":1751,"date":"2022-01-04T11:29:54","date_gmt":"2022-01-04T17:29:54","guid":{"rendered":"https:\/\/auctusbc.com\/?page_id=1751"},"modified":"2022-08-24T18:28:03","modified_gmt":"2022-08-24T23:28:03","slug":"consultor-senior-de-it-bilingue","status":"publish","type":"page","link":"https:\/\/auctusbc.com\/es\/unirse-a-auctus\/consultor-senior-de-it-bilingue\/","title":{"rendered":"Consultor Senior de IT (Biling\u00fce)"},"content":{"rendered":"<h2>Consultor Senior de IT (Biling\u00fce)<\/h2>\n<ul>\n<li>Carrera de Inform\u00e1tica, Sistemas de Informaci\u00f3n o Similar<\/li>\n<li>Ingl\u00e9s 95-100%<\/li>\n<li>Preferible Pasaporte Americano o Visa de Residente<\/li>\n<\/ul>\n<p><strong>Experiencias con Sistemas:<\/strong><\/p>\n<ul>\n<li>ERPs: SAP, SAP Business One, Oracle, Netsuite, JDE, AS400, Infor<\/li>\n<li>CRM: Zoho, Salesforce, Sugar, Hubspot<\/li>\n<li>Conocimientos de Data Governance y Data Analytics<\/li>\n<li>Experiencia desarrollando proyectos de BI: PowerBI, Tableau, Cognos<\/li>\n<li>Experiencia desarrollando proyectos de DRP\/BCP<\/li>\n<li>Conocimientos avanzados de Arquitectura Empresarial (deseable experiencias HANA)<\/li>\n<li>Conocimientos sobre modelos de documentaci\u00f3n de procesos (BPMN1-2)<\/li>\n<li>Conocimientos b\u00e1sicos de Ciberseguridad<\/li>\n<\/ul>\n<p><strong>Certificaciones deseadas:<\/strong><\/p>\n<ul>\n<li>TOGAF<\/li>\n<li>ITIL<\/li>\n<li>SCRUM Master<\/li>\n<li>CRISP \/ DBA \/ DM<\/li>\n<li>PMP \/ CAPM<\/li>\n<li>Conocimiento de DEVOPS<\/li>\n<\/ul>\n<p>&nbsp;<\/p>\n<p><strong>Experiencias Laborales:<\/strong><\/p>\n<ul>\n<li>Ventas de proyectos de IT<\/li>\n<li>Deseable experiencia vendiendo proyectos de Procesos + desarrollos de IT<\/li>\n<li>Entendimiento y configuraci\u00f3n de propuestas t\u00e9cnicas a Clientes (Concursos, Licitaciones, RFPs)<\/li>\n<li>Impartici\u00f3n de Seminarios o Talleres a Clientes T\u00e9cnicos de Sistemas<\/li>\n<li>Impartici\u00f3n de Seminarios o Talleres a Clientes Directivos y Gerenciales (no expertos en IT)<\/li>\n<li>Capacidad de desarrollar propuestas en menos de 72 hrs+<\/li>\n<li>Capacidad de liderar m\u00faltiples proyectos en simult\u00e1neo (3-7 proyectos simult\u00e1neos)<\/li>\n<li>Presentaci\u00f3n Ejecutiva de avances a Clientes y presentaci\u00f3n de riesgos\/problemas del Proyecto a resolver<\/li>\n<li>Tener a su cargo directo m\u00e1s de 10 personas<\/li>\n<li>Capacidad de desarrollar metodolog\u00eda propia, documentarla y capacitar a pares y colaboradores<\/li>\n<\/ul>\n<p><strong>Cualidades:<\/strong><\/p>\n<ul>\n<li>Liderazgo<\/li>\n<li>Hacer equipo<\/li>\n<li>Madurez y escucha de sus Jefes\/Superiores (aceptaci\u00f3n de la cr\u00edtica para mejorar)<\/li>\n<li>Desarrollar a su equipo y gusto por la docencia\/capacitar<\/li>\n<li>Enfocado a resultados<\/li>\n<li>Ambici\u00f3n por crecer<\/li>\n<li>Autodidacta y gusto por la lectura\/auto-capacitaci\u00f3n continua<\/li>\n<\/ul>\n<p><strong>Prestaciones:<\/strong><\/p>\n<ul>\n<li>Seguro de Gastos M\u00e9dicos Mayores y Menores<\/li>\n<li>Seguro de Vida<\/li>\n<li>Vales de Despensa<\/li>\n<li>Bonos por referenciaci\u00f3n y desempe\u00f1o<\/li>\n<\/ul>\n<p><strong>Sueldo:<\/strong><\/p>\n<ul>\n<li>Seg\u00fan aptitudes<\/li>\n<\/ul>\n<p><strong>Tipo de empleo:<\/strong><\/p>\n<ul>\n<li>Jornada completa<\/li>\n<\/ul>\n","protected":false},"excerpt":{"rendered":"<p>Consultor Senior de IT (Biling\u00fce) Carrera de Inform\u00e1tica, Sistemas de Informaci\u00f3n o Similar Ingl\u00e9s 95-100% Preferible Pasaporte Americano o Visa de Residente Experiencias con Sistemas: ERPs: SAP, SAP Business One, Oracle, Netsuite, JDE, AS400, Infor CRM: Zoho, Salesforce, Sugar, Hubspot Conocimientos de Data Governance y Data Analytics Experiencia desarrollando proyectos de BI: PowerBI, Tableau, Cognos [&hellip;]<\/p>\n","protected":false},"author":1,"featured_media":0,"parent":100,"menu_order":0,"comment_status":"closed","ping_status":"closed","template":"","meta":{"_acf_changed":false,"om_disable_all_campaigns":false,"_exactmetrics_skip_tracking":false,"_exactmetrics_sitenote_active":false,"_exactmetrics_sitenote_note":"","_exactmetrics_sitenote_category":0,"_monsterinsights_skip_tracking":false,"_monsterinsights_sitenote_active":false,"_monsterinsights_sitenote_note":"","_monsterinsights_sitenote_category":0,"footnotes":""},"acf":[],"aioseo_notices":[],"_links":{"self":[{"href":"https:\/\/auctusbc.com\/es\/wp-json\/wp\/v2\/pages\/1751"}],"collection":[{"href":"https:\/\/auctusbc.com\/es\/wp-json\/wp\/v2\/pages"}],"about":[{"href":"https:\/\/auctusbc.com\/es\/wp-json\/wp\/v2\/types\/page"}],"author":[{"embeddable":true,"href":"https:\/\/auctusbc.com\/es\/wp-json\/wp\/v2\/users\/1"}],"replies":[{"embeddable":true,"href":"https:\/\/auctusbc.com\/es\/wp-json\/wp\/v2\/comments?post=1751"}],"version-history":[{"count":5,"href":"https:\/\/auctusbc.com\/es\/wp-json\/wp\/v2\/pages\/1751\/revisions"}],"predecessor-version":[{"id":1792,"href":"https:\/\/auctusbc.com\/es\/wp-json\/wp\/v2\/pages\/1751\/revisions\/1792"}],"up":[{"embeddable":true,"href":"https:\/\/auctusbc.com\/es\/wp-json\/wp\/v2\/pages\/100"}],"wp:attachment":[{"href":"https:\/\/auctusbc.com\/es\/wp-json\/wp\/v2\/media?parent=1751"}],"curies":[{"name":"wp","href":"https:\/\/api.w.org\/{rel}","templated":true}]}}