{"id":264,"date":"2014-08-07T18:02:46","date_gmt":"2014-08-07T23:02:46","guid":{"rendered":"http:\/\/auctusbc.com\/wp\/?page_id=264"},"modified":"2021-10-26T17:07:47","modified_gmt":"2021-10-26T22:07:47","slug":"politica-de-privacidad","status":"publish","type":"page","link":"https:\/\/auctusbc.com\/es\/politica-de-privacidad\/","title":{"rendered":"Pol\u00edtica de Privacidad"},"content":{"rendered":"<h2><strong>T\u00c9RMINOS Y CONDICIONES DE USO DE MEDIOS ELECTR\u00d3NICOS<\/strong><\/h2>\n<h2>Generales<\/h2>\n<p>Este documento establece sus derechos y responsabilidades para acceder o usar el sitio web de Auctus Business Consulting S.A. de C.V en\u00a0<a href=\"http:\/\/www.auctusbc.com\">www.auctusbc.com<\/a>\u00a0y otros sitios asociados vinculados a este, y operados o controlados por Auctus Business Consulting S.A de C.V (\u201cAUCTUS\u201d), a menos que se excluya expresamente o se proporcione una pol\u00edtica separada (colectivamente, \u201clos Sitios\u201d).<\/p>\n<p>Los presentes T\u00e9rminos y Condiciones de uso entre AUCTUS y el Usuario rigen las relaciones a trav\u00e9s de Medios Electr\u00f3nicos: tel\u00e9fono fijo y celular (m\u00f3vil), las terminales de c\u00f3mputo y la red mundial de comunicaciones conocida como internet.<\/p>\n<p>Para contactar con AUCTUS h\u00e1galo en\u00a0<a href=\"http:\/\/www.auctusbc.com\">www.auctusbc.com<\/a> o a trav\u00e9s del correo electr\u00f3nico info@auctusbc.com o bien llamando al tel\u00e9fono +52 (55) 52 02 39 00 y (55) 52 02 39 01<\/p>\n<h2>Antecedentes<\/h2>\n<p>Le pedimos, lea estos t\u00e9rminos detenidamente porque todos los usos del Sitios est\u00e1n sujetos a estos t\u00e9rminos de servicio (\u201cT\u00e9rminos\u201d). Al usar los Sitios, usted reconoce que ha le\u00eddo esto y est\u00e1 de acuerdo con ello.<\/p>\n<p>AL UTILIZAR EL SITIO, ACEPTA ESTOS T\u00c9RMINOS DE USO; SI NO EST\u00c1 DE ACUERDO, NO USE EL SITIO. No hay excepciones.<\/p>\n<p>Tambi\u00e9n debe tener al menos dieciocho a\u00f1os para usar los Sitios sin la supervisi\u00f3n de un adulto. Si tiene menos de 18 a\u00f1os, no puede usar los Sitios ni comprarnos ning\u00fan producto o servicio sin la supervisi\u00f3n de sus padres o tutores.<\/p>\n<p>Nos reservamos el derecho de modificar o cambiar la totalidad o parte de estos t\u00e9rminos. Cualquier modificaci\u00f3n o cambio de este tipo se publicar\u00e1 aqu\u00ed y constituir\u00e1 los nuevos t\u00e9rminos y condiciones desde el momento en que se publican.<\/p>\n<p>En la mayor medida, los presentes acuerdos y pol\u00edticas, junto con nuestro Aviso de Privacidad, forman parte de estos T\u00e9rminos de servicio y se aplican a su uso de los Sitios.<\/p>\n<h2>Usos autorizados del sitio(s)<\/h2>\n<p>Los Sitios y todo el contenido de estos (el \u201cContenido\u201d), es propiedad exclusiva y privada de su (s) propietario (s) a menos que se indique lo contrario. El uso de los Sitios le proporciona acceso limitado bajo estos T\u00e9rminos.<\/p>\n<p>&nbsp;<\/p>\n<h2><strong>AVISO DE PRIVACIDAD DE PROTECCI\u00d3N DE DATOS PERSONALES<\/strong><\/h2>\n<p>Con fundamento en los art\u00edculos 15 y 16 de la Ley Federal de Protecci\u00f3n de Datos Personales en Posesi\u00f3n de Particulares hacemos de su conocimiento que AUCTUS, con domicilio en Av. R\u00edo Guadalquivir No. 50, oficina 201, Col. Cuauht\u00e9moc, C.P. 06500, Ciudad de M\u00e9xico, es responsable de recabar sus datos personales que proporcionas directamente o cuando utilizas nuestros servicios en l\u00ednea, del uso que se le d\u00e9 a los mismos y de su protecci\u00f3n. Su informaci\u00f3n personal ser\u00e1 utilizada para proporcionarle los servicios, informaci\u00f3n o documentos que ha solicitado, comunicarle sobre cambios en los mismos y evaluar la calidad del servicio que le brindamos.<\/p>\n<h2>Forma y medios de contacto<\/h2>\n<p>Tal y como se menciona en el \u00e1rea de generales, puede contactarnos, redactando un documento en idioma espa\u00f1ol, dirigido al Gerente de Administraci\u00f3n y hacerlo llegar por correo electr\u00f3nico a la siguiente direcci\u00f3n electr\u00f3nica: info@auctusbc.com; o v\u00eda correo postal a la siguiente direcci\u00f3n Av. R\u00edo Guadalquivir No. 50, oficina 201, Col. Cuauht\u00e9moc, C.P. 06500, Ciudad de M\u00e9xico o llamando al tel\u00e9fono: +52 (55) 52 02 39 00 y (55) 52 02 39 01<\/p>\n<h2>Datos recabados y medios de obtenci\u00f3n de Datos Personales<\/h2>\n<p>Recogemos informaci\u00f3n sobre las aplicaciones, los navegadores y los dispositivos que utilizas para acceder a los servicios de nuestra app. Esto nos permite ofrecerte funciones, como actualizaciones autom\u00e1ticas.<\/p>\n<p>Entre la informaci\u00f3n que recogemos se incluyen los identificadores \u00fanicos, el tipo de navegador y su configuraci\u00f3n, el tipo de dispositivo y su configuraci\u00f3n, el sistema operativo, informaci\u00f3n sobre la red m\u00f3vil (como el nombre del operador y el n\u00famero de tel\u00e9fono) y el n\u00famero de versi\u00f3n de la aplicaci\u00f3n. Tambi\u00e9n recogemos informaci\u00f3n sobre la interacci\u00f3n de tus aplicaciones, navegadores y dispositivos con nuestros servicios, como la direcci\u00f3n IP, informes sobre fallos, actividad del sistema, as\u00ed como la fecha, la hora y la URL de referencia de tu petici\u00f3n.<\/p>\n<p>Los datos personales que recabamos de usted, con los fines descritos en el presente aviso de privacidad, son recabados de manera personal, cuando usted nos los proporciona directamente; por v\u00eda de nuestro Portal en Internet\u00a0<a href=\"http:\/\/www.auctusbc.com\">www.auctusbc.com<\/a>\u00a0cuando ingresa sus datos o utiliza nuestros servicios en l\u00ednea, y cuando obtenemos informaci\u00f3n a trav\u00e9s de otras fuentes que est\u00e1n permitidas por la Ley.<\/p>\n<p>Los datos personales que recabamos de forma directa y v\u00eda internet cuando usted mismo nos los proporciona por diversos medios, como cuando los proporciona para ingresar a nuestros programas de lealtad, participar en promociones, ofertas o cuando contrata con nosotros alg\u00fan producto o servicio.<\/p>\n<p>Los datos recabados son entre otros los datos personales de identificaci\u00f3n, incluyendo nombre y apellidos, empresa en la que labora, puesto que desempe\u00f1a, n\u00famero telef\u00f3nico, correo electr\u00f3nico y direcci\u00f3n f\u00edsica, entre otros; as\u00ed como, los datos de la configuraci\u00f3n del dispositivo y datos de uso de las aplicaciones, datos que ser\u00e1n enviados a nuestros servidores.<\/p>\n<h2>\u00bfPara qu\u00e9 fines usamos su informaci\u00f3n?<\/h2>\n<p>Los datos personales son recabados para las finalidades primarias (Finalidades que dan origen y son necesarias) y secundarias (Finalidades distintas que son de suma importancia y utilidad).<\/p>\n<p>Los datos personales que nos ha proporcionado ser\u00e1n utilizados para las siguientes actividades primarias y secundarias: (i) identificarle; (ii) contactarle; (iii) dar seguimiento, actualizaci\u00f3n y confirmaci\u00f3n en cuanto a productos y servicios; (iv) evaluar la calidad del servicio prestado; (v) proveerle del bien y\/o servicio que solicite, (vi) validaciones de geo cerca y posicionamiento en tiempo real, (vii) responder a sus comentarios o solicitudes de informaci\u00f3n, (viii) para poder tener registro del usurario que dispositivo usa y poder darles soporte en caso de necesitar ayuda.<\/p>\n<p><strong>Los datos personales de identificaci\u00f3n<\/strong>\u00a0y de contacto que usted mismo nos proporciona por diversos medios, ser\u00e1n utilizados para fines de seguimiento, actualizaci\u00f3n y confirmaci\u00f3n en cuanto a productos y servicios; con fines promocionales y de contrataci\u00f3n; con fines financieros, dar cumplimiento a obligaciones contra\u00eddas con nuestros clientes, evaluar la calidad del servicio; realizar estudios sobre h\u00e1bitos de consumo y preferencias.<\/p>\n<p>&nbsp;<\/p>\n<p><strong>Los datos de la configuraci\u00f3n del dispositivo<\/strong>\u00a0<strong>y del uso de las aplicaciones<\/strong>\u00a0ser\u00e1n utilizados para fines de proporcionar funciones relevantes para el usuario: habilitar las notificaciones de puntos de visita (PDV) cercanos, validaciones de geo-cerca y posicionamiento en tiempo real.<\/p>\n<p>AUCTUS dar\u00e1 tratamiento a las siguientes categor\u00edas de datos personales:<\/p>\n<ul>\n<li><strong>Datos de identificaci\u00f3n y de contacto<\/strong>.<\/li>\n<li><strong>Datos de la configuraci\u00f3n del dispositivo:<\/strong>informaci\u00f3n que nos permite recibir mediante la configuraci\u00f3n que activa en su dispositivo, como el acceso a la ubicaci\u00f3n de GPS, la c\u00e1mara y\/o las fotos.<\/li>\n<li><strong>Datos de uso de las aplicaciones:<\/strong>cuando usted haga uso de nuestras Aplicaciones podremos recabar informaci\u00f3n sobre su dispositivo que puede incluir, en caso de ser requerido, informaci\u00f3n sobre la ubicaci\u00f3n geogr\u00e1fica del dispositivo, ya sea en primer plano o en segundo plano; informaci\u00f3n generada a trav\u00e9s del uso de otros servicios como pueden ser GPS y se\u00f1ales Wifi, e informaci\u00f3n referente a las caracter\u00edsticas t\u00e9cnicas y operativas del mismo.<\/li>\n<\/ul>\n<p>&nbsp;<\/p>\n<h2>Limitaciones al uso de datos<\/h2>\n<p>Usted puede cancelar su suscripci\u00f3n para recibir promociones, ofertas y servicios de manera telef\u00f3nica, por correo electr\u00f3nico y v\u00eda correo postal haciendo llegar una carta escrita en idioma espa\u00f1ol donde indique su solicitud y los datos necesarios como lo son Nombre completo (nombre o nombres y apellido o apellidos) copia simple de su identificaci\u00f3n oficial o en medios electr\u00f3nicos versi\u00f3n digitalizada de la misma (escaneo), n\u00famero de cliente (en caso de tener uno), tel\u00e9fono y direcci\u00f3n f\u00edsica o electr\u00f3nica a la direcci\u00f3n para fines de notificaciones relacionadas al caso a la siguiente direcci\u00f3n: Av. R\u00edo Guadalquivir No. 50, oficina 201, Col. Cuauht\u00e9moc, C.P. 06500, Ciudad de M\u00e9xico, o al correo electr\u00f3nico: <a href=\"mailto:contactanos@auctusbc.com\">info@auctusbc.com<\/a>.<\/p>\n<h2>Ejercicio de los Derechos ARCO<\/h2>\n<p>Usted tiene derecho de acceder a los datos personales que poseemos, a los detalles de tratamiento de estos, a la rectificaci\u00f3n en el caso de ser estos inexactos o incompletos, a cancelarlos cuando sea su consideraci\u00f3n que no son necesarios para alguna de las finalidades contenidas en el presente Aviso de Privacidad, que son utilizados para finalidades no consentidas y finalmente a oponerse al tratamiento de dichos datos para fines espec\u00edficos y que deber\u00e1 de manera clara expresar.<\/p>\n<h2>Mecanismos para el ejercicio de los Derechos ARCO<\/h2>\n<p>Los Derechos antes descritos se ejercen a trav\u00e9s de la presentaci\u00f3n de la solicitud respectiva que por escrito y en idioma espa\u00f1ol debe presentar de manera gratuita en: AUCTUS para m\u00e1s informaci\u00f3n comunicarse a los tel\u00e9fonos +52 (55) 52 02 39 00 y (55) 52 02 39 01, con atenci\u00f3n al Gerente de Administraci\u00f3n; o bien hacerla llegar por correo postal, previo pago del porte correspondiente, a la antes mencionada direcci\u00f3n y con atenci\u00f3n a la misma persona.<\/p>\n<p>Para m\u00e1s informaci\u00f3n favor de comunicarse a la Gerencia de Administraci\u00f3n al tel\u00e9fono: 52 (55) 52 02 39 00<\/p>\n<p>El plazo para atender su solicitud ser\u00e1 en un m\u00e1ximo de veinte d\u00edas contados a partir de la fecha de recepci\u00f3n de su solicitud de acceso, rectificaci\u00f3n, cancelaci\u00f3n u oposici\u00f3n.<\/p>\n<p>Le hacemos patente que es el Instituto Federal de Acceso a la Informaci\u00f3n y Protecci\u00f3n de Datos Personales quien tiene encomendado velar por sus derechos ARCO y el encargado de regular y verificar la observancia de la Ley.<\/p>\n<h2>Derecho de revocar su consentimiento para el tratamiento de datos<\/h2>\n<p>En todo tiempo usted puede revocar el consentimiento que nos ha entregado para el tratamiento de sus datos personales con el prop\u00f3sito que se deje de hacer uso de estos, para ello es necesario que presente su petici\u00f3n seg\u00fan descrito en \u00e9ste mismo aviso en la parte de \u201cForma y medios de Contacto\u201d.<\/p>\n<p>Su solicitud deber\u00e1 indicar Nombre completo (nombre o nombres y apellido o apellidos) copia simple de su identificaci\u00f3n oficial o, en medios electr\u00f3nicos, versi\u00f3n digitalizada de la misma (escaneo), indicaci\u00f3n del correo electr\u00f3nico o direcci\u00f3n f\u00edsica que designe para notificaciones y alg\u00fan n\u00famero telef\u00f3nico de contacto.<\/p>\n<p>En un plazo m\u00e1ximo de veinte d\u00edas contados a partir de la fecha de recepci\u00f3n de su solicitud de revocaci\u00f3n le daremos contestaci\u00f3n sobre la procedencia de esta, por medio de correo electr\u00f3nico dirigido a su persona, enviado a la direcci\u00f3n de correo electr\u00f3nico que haya indicado en la propia solicitud o enviando carta al domicilio f\u00edsico que haya indicado a tales efectos (los veinte d\u00edas se dar\u00e1n por cumplidos al momento de entregar el documento al servicio postal).<\/p>\n<h2>Transferencia de datos, nacional e internacional<\/h2>\n<p>Sus datos personales no ser\u00e1n transmitidos a terceros sin su consentimiento, con la excepci\u00f3n AUCTUS de conformidad con el art\u00edculo 37 de la Ley, incluidas las dem\u00e1s excepciones previstas en dicho ordenamiento legal.<\/p>\n<h2>Modificaciones al presente aviso de privacidad<\/h2>\n<p>Nos queda reservado el derecho de efectuar, en cualquier tiempo, modificaciones o actualizaciones al presente aviso de privacidad.<\/p>\n<p>Las modificaciones que se efect\u00faen se pondr\u00e1n a disposici\u00f3n del p\u00fablico a trav\u00e9s de algunos o todos los siguientes medios: anuncios visibles en nuestros establecimientos, v\u00eda nuestra p\u00e1gina de internet, v\u00eda correo electr\u00f3nico a la direcci\u00f3n m\u00e1s reciente que tengamos de usted, por medio de publicaciones en peri\u00f3dicos de circulaci\u00f3n nacional, revistas, carteles, grabaciones sonoras o personalmente por medio de nuestros encargados al momento de acudir a cualquiera de nuestras instalaciones.<\/p>\n<h2>Informaci\u00f3n en Internet<\/h2>\n<p>Hacemos de su conocimiento que cuando accede a nuestro Portal en Internet es recibida por nuestra parte informaci\u00f3n referente a sus cookies (t\u00e9rmino definido abajo en la parte de Definiciones) y web beacons (t\u00e9rmino definido abajo en la parte de Definiciones) para obtener informaci\u00f3n como lo es su tipo de navegador y sistema operativo, las p\u00e1ginas de Internet que ha visitado recientemente, los v\u00ednculos que recientemente ha seguido, la direcci\u00f3n IP de su computadora, el sitio que cerro antes de entrar a nuestro portal en Internet.<\/p>\n<h2>Definiciones<\/h2>\n<p>Se entiende para efectos del presente aviso de Privacidad lo siguiente:<\/p>\n<p>I.- Cookies.- Son los archivos de texto que se descargan autom\u00e1ticamente y se almacenan en el disco duro del equipo de c\u00f3mputo del usuario al navegar en una p\u00e1gina o portal de Internet espec\u00edfico, que permiten almacenar al servidor de Internet ciertos datos, entre ellos, paginas preferidas de visualizaci\u00f3n en internet, algunas claves y contrase\u00f1as.<br \/>\nII.- *D\u00edas.- Por disposici\u00f3n del Art\u00edculo 3\u00b0 en su fracci\u00f3n VII de la Ley Federal de Protecci\u00f3n de Datos Personales en Posesi\u00f3n De los Particulares los plazos y tiempos estipulados en d\u00edas, se contar\u00e1n en d\u00edas h\u00e1biles.<br \/>\nIII.- Derechos ARCO.- Son los Derechos de Acceso, Rectificaci\u00f3n, Cancelaci\u00f3n y Oposici\u00f3n, consagrados de en la Ley que por sus siglas forman dicha palabra.<br \/>\nIV.- Ley.-Hacer referencia a la Ley Federal de Protecci\u00f3n de Datos Personales en Posesi\u00f3n De los Particulares, publicada en el Diario Oficial de la Federaci\u00f3n el 5 de julio de 2010.<br \/>\nV.- Web beacons.- Im\u00e1genes insertadas en p\u00e1ginas o portales de Internet as\u00ed como en correos electr\u00f3nicos y que entre otros pueden almacenar informaci\u00f3n de la direcci\u00f3n IP del usuario, tiempo de interacci\u00f3n en los sitios web, entre otros.<\/p>\n<p>&nbsp;<\/p>\n<h2>Consentimiento t\u00e1cito, en t\u00e9rminos del art\u00edculo octavo de la Ley.<\/h2>\n<p>Como se ha establecido anteriormente, en caso de que usted desee manifestar OPOSICI\u00d3N a que sus datos personales sean tratados conforme a lo establecido en el presente aviso de privacidad deber\u00e1 enviar su negativa por escrito en idioma a espa\u00f1ol a la siguiente direcci\u00f3n: Av. R\u00edo Guadalquivir No. 50, oficina 201, Col. Cuauht\u00e9moc, C.P. 06500, Ciudad de M\u00e9xico<\/p>\n<p>&nbsp;<\/p>\n","protected":false},"excerpt":{"rendered":"<p>T\u00c9RMINOS Y CONDICIONES DE USO DE MEDIOS ELECTR\u00d3NICOS Generales Este documento establece sus derechos y responsabilidades para acceder o usar el sitio web de Auctus Business Consulting S.A. de C.V en\u00a0www.auctusbc.com\u00a0y otros sitios asociados vinculados a este, y operados o controlados por Auctus Business Consulting S.A de C.V (\u201cAUCTUS\u201d), a menos que se excluya expresamente [&hellip;]<\/p>\n","protected":false},"author":1,"featured_media":0,"parent":0,"menu_order":0,"comment_status":"open","ping_status":"open","template":"","meta":{"_acf_changed":false,"om_disable_all_campaigns":false,"_exactmetrics_skip_tracking":false,"_exactmetrics_sitenote_active":false,"_exactmetrics_sitenote_note":"","_exactmetrics_sitenote_category":0,"_monsterinsights_skip_tracking":false,"_monsterinsights_sitenote_active":false,"_monsterinsights_sitenote_note":"","_monsterinsights_sitenote_category":0,"footnotes":""},"acf":[],"aioseo_notices":[],"_links":{"self":[{"href":"https:\/\/auctusbc.com\/es\/wp-json\/wp\/v2\/pages\/264"}],"collection":[{"href":"https:\/\/auctusbc.com\/es\/wp-json\/wp\/v2\/pages"}],"about":[{"href":"https:\/\/auctusbc.com\/es\/wp-json\/wp\/v2\/types\/page"}],"author":[{"embeddable":true,"href":"https:\/\/auctusbc.com\/es\/wp-json\/wp\/v2\/users\/1"}],"replies":[{"embeddable":true,"href":"https:\/\/auctusbc.com\/es\/wp-json\/wp\/v2\/comments?post=264"}],"version-history":[{"count":17,"href":"https:\/\/auctusbc.com\/es\/wp-json\/wp\/v2\/pages\/264\/revisions"}],"predecessor-version":[{"id":1735,"href":"https:\/\/auctusbc.com\/es\/wp-json\/wp\/v2\/pages\/264\/revisions\/1735"}],"wp:attachment":[{"href":"https:\/\/auctusbc.com\/es\/wp-json\/wp\/v2\/media?parent=264"}],"curies":[{"name":"wp","href":"https:\/\/api.w.org\/{rel}","templated":true}]}}