{"id":373,"date":"2015-01-16T18:47:55","date_gmt":"2015-01-17T00:47:55","guid":{"rendered":"http:\/\/auctusbc.com\/?page_id=373"},"modified":"2022-08-23T18:51:05","modified_gmt":"2022-08-23T23:51:05","slug":"casos-de-exito","status":"publish","type":"page","link":"https:\/\/auctusbc.com\/es\/casos-de-exito\/","title":{"rendered":"Casos de \u00c9xito"},"content":{"rendered":"<p>Las m\u00faltiples experiencias de personal de <span style=\"color: #0e4679;\">Auctus<\/span> con sus clientes, han permitido desarrollar metodolog\u00edas pragm\u00e1ticas y de aplicaci\u00f3n general para clientes en distintos Pa\u00edses, Sectores e Industrias, acorde a la necesidad o enfoque particular que se desea abordar en cada colaboraci\u00f3n. A continuaci\u00f3n podr\u00e1n consultar ejemplos de c\u00f3mo <span style=\"color: #0e4679;\">Auctus<\/span> ha realizado su proceso de Entendimiento y An\u00e1lisis, Propuesta de Valor, Dise\u00f1o e Implementaci\u00f3n, as\u00ed como los Resultados logrados en distintos retos\u2026que aunque no es un ejercicio exhaustivo que considere toda la curr\u00edcula de la Firma, permite darse una idea de c\u00f3mo se lleva a cabo una Colaboraci\u00f3n cronol\u00f3gicamente, en sus distintas fases.<\/p>\n<div class=\"contenedor-tabs\"><!--<\/p>\n<p>--><span class=\"casos\" id=\"paso-1\"><\/span><div class=\"tab\"><a class=\"tab-e\" href=\"#paso-1\">Paso 1<\/a><div class=\"panel\"><\/p>\n<p>En <a href=\"#\">Auctus 1<\/a> estamos convencidos que no hay una unica receta o solucion para los problemas y oportunidades que enfrentan las organizaciones, por ello no creemos en soluciones pre-empaquetadas donde no se realiza un diagnostico inicial detallado, desarrollando un entendimiento comun con el equipo Directivo responsable del negocio, y definiendo claramente el Caso de Negocio para dotar a la empresa de mayor Rentabilidad y Crecimiento.<\/p>\n<p><\/div><\/div><!--<\/p>\n<p>--><span class=\"casos\" id=\"paso-2\"><\/span><div class=\"tab\"><a class=\"tab-e\" href=\"#paso-2\">Paso 2<\/a><div class=\"panel\"><\/p>\n<p>2222 estamos convencidos que no hay una unica receta o solucion para los problemas y oportunidades que enfrentan las organizaciones, por ello no creemos en soluciones pre-empaquetadas donde no se realiza un diagnostico inicial detallado, desarrollando un entendimiento comun con el equipo Directivo responsable del negocio, y definiendo claramente el Caso de Negocio para dotar a la empresa de mayor Rentabilidad y Crecimiento.<\/p>\n<p><\/div><\/div><!--<\/p>\n<p>--><span class=\"casos\" id=\"paso-3\"><\/span><div class=\"tab\"><a class=\"tab-e\" href=\"#paso-3\">Paso 3<\/a><div class=\"panel\"><\/p>\n<p>3<\/p>\n<p><\/div><\/div><!--<\/p>\n<p>--><\/div>\n","protected":false},"excerpt":{"rendered":"<p>Las m\u00faltiples experiencias de personal de Auctus con sus clientes, han permitido desarrollar metodolog\u00edas pragm\u00e1ticas y de aplicaci\u00f3n general para clientes en distintos Pa\u00edses, Sectores e Industrias, acorde a la necesidad o enfoque particular que se desea abordar en cada colaboraci\u00f3n. A continuaci\u00f3n podr\u00e1n consultar ejemplos de c\u00f3mo Auctus ha realizado su proceso de Entendimiento [&hellip;]<\/p>\n","protected":false},"author":1,"featured_media":0,"parent":0,"menu_order":0,"comment_status":"open","ping_status":"closed","template":"","meta":{"_acf_changed":false,"om_disable_all_campaigns":false,"_exactmetrics_skip_tracking":false,"_exactmetrics_sitenote_active":false,"_exactmetrics_sitenote_note":"","_exactmetrics_sitenote_category":0,"_monsterinsights_skip_tracking":false,"_monsterinsights_sitenote_active":false,"_monsterinsights_sitenote_note":"","_monsterinsights_sitenote_category":0,"footnotes":""},"acf":[],"aioseo_notices":[],"_links":{"self":[{"href":"https:\/\/auctusbc.com\/es\/wp-json\/wp\/v2\/pages\/373"}],"collection":[{"href":"https:\/\/auctusbc.com\/es\/wp-json\/wp\/v2\/pages"}],"about":[{"href":"https:\/\/auctusbc.com\/es\/wp-json\/wp\/v2\/types\/page"}],"author":[{"embeddable":true,"href":"https:\/\/auctusbc.com\/es\/wp-json\/wp\/v2\/users\/1"}],"replies":[{"embeddable":true,"href":"https:\/\/auctusbc.com\/es\/wp-json\/wp\/v2\/comments?post=373"}],"version-history":[{"count":12,"href":"https:\/\/auctusbc.com\/es\/wp-json\/wp\/v2\/pages\/373\/revisions"}],"predecessor-version":[{"id":941,"href":"https:\/\/auctusbc.com\/es\/wp-json\/wp\/v2\/pages\/373\/revisions\/941"}],"wp:attachment":[{"href":"https:\/\/auctusbc.com\/es\/wp-json\/wp\/v2\/media?parent=373"}],"curies":[{"name":"wp","href":"https:\/\/api.w.org\/{rel}","templated":true}]}}