{"id":50,"date":"2014-08-01T10:58:55","date_gmt":"2014-08-01T15:58:55","guid":{"rendered":"http:\/\/auctusbc.com\/wp\/?page_id=50"},"modified":"2024-04-12T18:04:07","modified_gmt":"2024-04-13T00:04:07","slug":"practicas","status":"publish","type":"page","link":"https:\/\/auctusbc.com\/es\/practicas\/","title":{"rendered":"Pr\u00e1cticas"},"content":{"rendered":"<h2>Nuestra Oferta de Valor<\/h2>\n<p>En Auctus\u00ae estamos convencidos que hay m\u00e1s de una soluci\u00f3n para los problemas y oportunidades que enfrentan las organizaciones, por ello hemos desarrollado 5 l\u00edneas estrat\u00e9gicas con servicios de especialidad que se adaptan al contexto y cultura propia de cada empresa. Lideradas por expertos Consultores que llevar\u00e1n, a tu organizaci\u00f3n junto con tu equipo, a un crecimiento rentable.<\/p>\n<p><a href=\"https:\/\/auctusbc.com\/wp\/wp-content\/uploads\/2024\/04\/Soluciones-transformacionales_AuctusBC_Mesa-de-trabajo-1.png\"><img fetchpriority=\"high\" decoding=\"async\" class=\" wp-image-1908\" src=\"https:\/\/auctusbc.com\/wp\/wp-content\/uploads\/2024\/04\/Soluciones-transformacionales_AuctusBC_Mesa-de-trabajo-1.png\" alt=\"\" width=\"692\" height=\"533\" srcset=\"https:\/\/auctusbc.com\/wp\/wp-content\/uploads\/2024\/04\/Soluciones-transformacionales_AuctusBC_Mesa-de-trabajo-1.png 1200w, https:\/\/auctusbc.com\/wp\/wp-content\/uploads\/2024\/04\/Soluciones-transformacionales_AuctusBC_Mesa-de-trabajo-1-300x231.png 300w, https:\/\/auctusbc.com\/wp\/wp-content\/uploads\/2024\/04\/Soluciones-transformacionales_AuctusBC_Mesa-de-trabajo-1-1024x789.png 1024w, https:\/\/auctusbc.com\/wp\/wp-content\/uploads\/2024\/04\/Soluciones-transformacionales_AuctusBC_Mesa-de-trabajo-1-768x592.png 768w\" sizes=\"(max-width: 692px) 100vw, 692px\" \/><\/a><\/p>\n<div class=\"cols-2 custom-gutter\"><!--<br \/>\n--><div class=\"col\" style=\"width:50%;padding-left: 0%; padding-right: 0.5%;\"><\/p>\n<h4>Gobierno Corporativo e Institucionalizaci\u00f3n<\/h4>\n<ul>\n<li>Configuraci\u00f3n y dise\u00f1o del consejo y comit\u00e9s<\/li>\n<li>Consultor\u00eda y acompa\u00f1amiento como consejeros Independientes<\/li>\n<li>Apoyo en protocolo familiar y\/o estatutos sociales<\/li>\n<li>Madurez e institucionalizaci\u00f3n de un consejo de Alto Impacto<\/li>\n<\/ul>\n<h4>Planeaci\u00f3n Estrat\u00e9gica y Due Diligence<br \/>\nOperativo<\/h4>\n<ul>\n<li>Talleres de definici\u00f3n de la estrategia<\/li>\n<li>Exploraci\u00f3n de nuevos mercados<\/li>\n<li>Desdoble a la ejecuci\u00f3n efectiva y disciplinada<\/li>\n<li>\u201cDue Diligence\u201d estrat\u00e9gico y operativo (valuaci\u00f3n)<\/li>\n<\/ul>\n<h4>Organizaci\u00f3n Lean y Reducci\u00f3n de Gastos<\/h4>\n<ul>\n<li>Alineaci\u00f3n de la estructura organizacional con la estrategia<\/li>\n<li>Evaluaci\u00f3n de carga de trabajo y enfoque al valor agregado<\/li>\n<li>Modelo de transici\u00f3n y alineaci\u00f3n organizacional<\/li>\n<\/ul>\n<p><\/div><!--<\/p>\n<p>--><div class=\"col\" style=\"width:50%;padding-right: 0%; padding-left: 0.5%;\"><\/p>\n<h4>T\u00e1ctica Comercial y Gesti\u00f3n de Ventas<\/h4>\n<ul>\n<li>Estrategias centradas en el cliente<\/li>\n<li>Extracci\u00f3n de valor del ciclo de vida de clientes<\/li>\n<li>Gesti\u00f3n y enfoque de la fuerza de ventas<\/li>\n<li>Investigaci\u00f3n de mercados y t\u00e1ctica \u201cGo-to-Market\u201d<\/li>\n<\/ul>\n<h4>Sincronizaci\u00f3n de la CDS y Lean Manufacturing<\/h4>\n<ul>\n<li>Eliminaci\u00f3n de desperdicios y estandarizaci\u00f3n<\/li>\n<li>Cultura de mejora continua (ETAD\u00b4s)<\/li>\n<li>Sincronizaci\u00f3n de cadena de suministro<\/li>\n<li>Habilitaci\u00f3n de f\u00e1brica visual en tiempo real (IoT)<\/li>\n<\/ul>\n<h4>Habilitar la Transformaci\u00f3n Digital<\/h4>\n<ul>\n<li>Acompa\u00f1amiento para madurez 4.0<\/li>\n<li>Evaluaci\u00f3n en tiempo real del desempe\u00f1o<\/li>\n<li>Alineaci\u00f3n de la Arq. Empresarial a la estrategia<\/li>\n<li>Simplificaci\u00f3n y automatizaci\u00f3n de procesos<\/li>\n<\/ul>\n<p><\/div><!--<br \/>\n--><\/div>\n<h4><span style=\"font-size: 16px;\">Las Organizaciones m\u00e1s exitosas, ser\u00e1n las que puedan sincronizar en sus procesos de trabajo: la eficiencia, la productividad, y la agilidad. Automatizando y estandarizando al m\u00e1ximo posible, para enfocar a los talentos a \u201caprender y agregar valor\u201d.<\/span><\/h4>\n<p><strong>Si te interesa explorar alguna de estas soluciones, te ofrecemos una asesor\u00eda virtual sin costo, solo d\u00e9janos tus datos y uno de nuestros expertos te contactar\u00e1:<\/strong><\/p>\n<script type=\"text\/javascript\">var gform;gform||(document.addEventListener(\"gform_main_scripts_loaded\",function(){gform.scriptsLoaded=!0}),window.addEventListener(\"DOMContentLoaded\",function(){gform.domLoaded=!0}),gform={domLoaded:!1,scriptsLoaded:!1,initializeOnLoaded:function(o){gform.domLoaded&&gform.scriptsLoaded?o():!gform.domLoaded&&gform.scriptsLoaded?window.addEventListener(\"DOMContentLoaded\",o):document.addEventListener(\"gform_main_scripts_loaded\",o)},hooks:{action:{},filter:{}},addAction:function(o,n,r,t){gform.addHook(\"action\",o,n,r,t)},addFilter:function(o,n,r,t){gform.addHook(\"filter\",o,n,r,t)},doAction:function(o){gform.doHook(\"action\",o,arguments)},applyFilters:function(o){return gform.doHook(\"filter\",o,arguments)},removeAction:function(o,n){gform.removeHook(\"action\",o,n)},removeFilter:function(o,n,r){gform.removeHook(\"filter\",o,n,r)},addHook:function(o,n,r,t,i){null==gform.hooks[o][n]&&(gform.hooks[o][n]=[]);var e=gform.hooks[o][n];null==i&&(i=n+\"_\"+e.length),gform.hooks[o][n].push({tag:i,callable:r,priority:t=null==t?10:t})},doHook:function(n,o,r){var t;if(r=Array.prototype.slice.call(r,1),null!=gform.hooks[n][o]&&((o=gform.hooks[n][o]).sort(function(o,n){return o.priority-n.priority}),o.forEach(function(o){\"function\"!=typeof(t=o.callable)&&(t=window[t]),\"action\"==n?t.apply(null,r):r[0]=t.apply(null,r)})),\"filter\"==n)return r[0]},removeHook:function(o,n,t,i){var r;null!=gform.hooks[o][n]&&(r=(r=gform.hooks[o][n]).filter(function(o,n,r){return!!(null!=i&&i!=o.tag||null!=t&&t!=o.priority)}),gform.hooks[o][n]=r)}});<\/script>\n                <div class='gf_browser_gecko gform_wrapper gform_legacy_markup_wrapper gform-theme--no-framework' data-form-theme='legacy' data-form-index='0' id='gform_wrapper_8' >\n                        <div class='gform_heading'>\n                            <h3 class=\"gform_title\">Registro Asesor\u00eda Growth<\/h3>\n                            <p class='gform_description'><\/p>\n                        <\/div><form method='post' enctype='multipart\/form-data'  id='gform_8'  action='\/es\/wp-json\/wp\/v2\/pages\/50' data-formid='8' novalidate>\n                        <div class='gform-body gform_body'><ul id='gform_fields_8' class='gform_fields right_label form_sublabel_above description_below validation_below'><li id=\"field_8_3\" class=\"gfield gfield--type-text gfield_contains_required field_sublabel_above gfield--no-description field_description_below field_validation_below gfield_visibility_visible\"  data-js-reload=\"field_8_3\" ><label class='gfield_label gform-field-label' for='input_8_3'>Nombre y Apellido<span class=\"gfield_required\"><span class=\"gfield_required gfield_required_asterisk\">*<\/span><\/span><\/label><div class='ginput_container ginput_container_text'><input name='input_3' id='input_8_3' type='text' value='' class='medium'   tabindex='20'  aria-required=\"true\" aria-invalid=\"false\"   \/> <\/div><\/li><li id=\"field_8_12\" class=\"gfield gfield--type-phone gfield_contains_required field_sublabel_above gfield--no-description field_description_below field_validation_below gfield_visibility_visible\"  data-js-reload=\"field_8_12\" ><label class='gfield_label gform-field-label' for='input_8_12'>Tel\u00e9fono de contacto<span class=\"gfield_required\"><span class=\"gfield_required gfield_required_asterisk\">*<\/span><\/span><\/label><div class='ginput_container ginput_container_phone'><input name='input_12' id='input_8_12' type='tel' value='' class='medium' tabindex='21'  aria-required=\"true\" aria-invalid=\"false\"   \/><\/div><\/li><li id=\"field_8_19\" class=\"gfield gfield--type-select field_sublabel_above gfield--no-description field_description_below field_validation_below gfield_visibility_visible\"  data-js-reload=\"field_8_19\" ><label class='gfield_label gform-field-label' for='input_8_19'>Puesto<\/label><div class='ginput_container ginput_container_select'><select name='input_19' id='input_8_19' class='medium gfield_select' tabindex='22'    aria-invalid=\"false\" ><option value='Due\u00f1o o Socio' >Due\u00f1o o Socio<\/option><option value='Director' >Director<\/option><option value='Gerente' >Gerente<\/option><option value='Coordinador' >Coordinador<\/option><option value='Empleado' >Empleado<\/option><\/select><\/div><\/li><li id=\"field_8_13\" class=\"gfield gfield--type-email gfield_contains_required field_sublabel_above gfield--no-description field_description_below field_validation_below gfield_visibility_visible\"  data-js-reload=\"field_8_13\" ><label class='gfield_label gform-field-label' for='input_8_13'>Correo electr\u00f3nico<span class=\"gfield_required\"><span class=\"gfield_required gfield_required_asterisk\">*<\/span><\/span><\/label><div class='ginput_container ginput_container_email'>\n                            <input name='input_13' id='input_8_13' type='email' value='' class='medium' tabindex='23'   aria-required=\"true\" aria-invalid=\"false\"  \/>\n                        <\/div><\/li><li id=\"field_8_11\" class=\"gfield gfield--type-section gsection field_sublabel_above gfield--no-description field_description_below field_validation_below gfield_visibility_visible\"  data-js-reload=\"field_8_11\" ><h2 class=\"gsection_title\">Informaci\u00f3n de la Empresa<\/h2><\/li><li id=\"field_8_1\" class=\"gfield gfield--type-text field_sublabel_above gfield--no-description field_description_below field_validation_below gfield_visibility_visible\"  data-js-reload=\"field_8_1\" ><label class='gfield_label gform-field-label' for='input_8_1'>Nombre de la Empresa<\/label><div class='ginput_container ginput_container_text'><input name='input_1' id='input_8_1' type='text' value='' class='medium'   tabindex='24'   aria-invalid=\"false\"   \/> <\/div><\/li><li id=\"field_8_21\" class=\"gfield gfield--type-text field_sublabel_above gfield--no-description field_description_below field_validation_below gfield_visibility_visible\"  data-js-reload=\"field_8_21\" ><label class='gfield_label gform-field-label' for='input_8_21'>P\u00e1gina Web<\/label><div class='ginput_container ginput_container_text'><input name='input_21' id='input_8_21' type='text' value='' class='medium'   tabindex='25'   aria-invalid=\"false\"   \/> <\/div><\/li><li id=\"field_8_4\" class=\"gfield gfield--type-select field_sublabel_above gfield--no-description field_description_below field_validation_below gfield_visibility_visible\"  data-js-reload=\"field_8_4\" ><label class='gfield_label gform-field-label' for='input_8_4'>N\u00famero de empleados<\/label><div class='ginput_container ginput_container_select'><select name='input_4' id='input_8_4' class='medium gfield_select' tabindex='26'    aria-invalid=\"false\" ><option value='1 a 50' >1 a 50<\/option><option value='50 a 100' >50 a 100<\/option><option value='100 a 500' >100 a 500<\/option><option value='500 a 1000' >500 a 1000<\/option><option value='m\u00e1s de 1000' >m\u00e1s de 1000<\/option><\/select><\/div><\/li><li id=\"field_8_6\" class=\"gfield gfield--type-multiselect gfield_contains_required field_sublabel_above gfield--has-description field_description_below field_validation_below gfield_visibility_visible\"  data-js-reload=\"field_8_6\" ><label class='gfield_label gform-field-label' for='input_8_6'>Sector de la empresa<span class=\"gfield_required\"><span class=\"gfield_required gfield_required_asterisk\">*<\/span><\/span><\/label><div class='ginput_container ginput_container_multiselect'><select multiple='multiple'  size='7' name='input_6[]' id='input_8_6' class='medium gfield_select' tabindex='27'  aria-invalid=\"false\" aria-required=\"true\" aria-describedby=\"gfield_description_8_6\"><option value='Agropecuario' >Agropecuario<\/option><option value='Bienes de uso duradero' >Bienes de uso duradero<\/option><option value='Bienes de Consumo' >Bienes de Consumo<\/option><option value='Comercio y Distribuci\u00f3n (Retail)' >Comercio y Distribuci\u00f3n (Retail)<\/option><option value='Educaci\u00f3n' >Educaci\u00f3n<\/option><option value='Esparcimiento y Medios' >Esparcimiento y Medios<\/option><option value='Financiero' >Financiero<\/option><option value='Inmobiliarias y Construccio\u0301n' >Inmobiliarias y Construccio\u0301n<\/option><option value='Miner\u00eda y Energ\u00eda' >Miner\u00eda y Energ\u00eda<\/option><option value='Sector Pu\u0301blico y Organizaciones SFL' >Sector Pu\u0301blico y Organizaciones SFL<\/option><option value='Servicios generales' >Servicios generales<\/option><option value='Servicios de salud' >Servicios de salud<\/option><option value='Telecomunicaciones y Tecnologi\u0301a' >Telecomunicaciones y Tecnologi\u0301a<\/option><\/select><\/div><div class='gfield_description' id='gfield_description_8_6'>\n\n\n\n\n\n\n\n\n\n<\/div><\/li><li id=\"field_8_8\" class=\"gfield gfield--type-textarea gfield_contains_required field_sublabel_above gfield--no-description field_description_below field_validation_below gfield_visibility_visible\"  data-js-reload=\"field_8_8\" ><label class='gfield_label gform-field-label' for='input_8_8'>\u00bfQu\u00e9 podemos hacer por ti? Describe el principal desaf\u00edo al que se enfrentan como empresa. Se lo m\u00e1s espec\u00edfico que puedas, para que la asesor\u00eda sea altamente productiva.<span class=\"gfield_required\"><span class=\"gfield_required gfield_required_asterisk\">*<\/span><\/span><\/label><div class='ginput_container ginput_container_textarea'><textarea name='input_8' id='input_8_8' class='textarea medium' tabindex='28'    aria-required=\"true\" aria-invalid=\"false\"   rows='10' cols='50'><\/textarea><\/div><\/li><li id=\"field_8_22\" class=\"gfield gfield--type-honeypot gform_validation_container field_sublabel_above gfield--has-description field_description_below field_validation_below gfield_visibility_visible\"  data-js-reload=\"field_8_22\" ><label class='gfield_label gform-field-label' for='input_8_22'>Comments<\/label><div class='ginput_container'><input name='input_22' id='input_8_22' type='text' value='' autocomplete='new-password'\/><\/div><div class='gfield_description' id='gfield_description_8_22'>This field is for validation purposes and should be left unchanged.<\/div><\/li><\/ul><\/div>\n        <div class='gform_footer right_label'> <input type='submit' id='gform_submit_button_8' class='gform_button button' value='SOLICITAR ASESOR\u00cdA' tabindex='29' onclick='if(window[\"gf_submitting_8\"]){return false;}  if( !jQuery(\"#gform_8\")[0].checkValidity || jQuery(\"#gform_8\")[0].checkValidity()){window[\"gf_submitting_8\"]=true;}  ' onkeypress='if( event.keyCode == 13 ){ if(window[\"gf_submitting_8\"]){return false;} if( !jQuery(\"#gform_8\")[0].checkValidity || jQuery(\"#gform_8\")[0].checkValidity()){window[\"gf_submitting_8\"]=true;}  jQuery(\"#gform_8\").trigger(\"submit\",[true]); }' \/> \n            <input type='hidden' class='gform_hidden' name='is_submit_8' value='1' \/>\n            <input type='hidden' class='gform_hidden' name='gform_submit' value='8' \/>\n            \n            <input type='hidden' class='gform_hidden' name='gform_unique_id' value='' \/>\n            <input type='hidden' class='gform_hidden' name='state_8' value='WyJbXSIsIjAwMzFjNjc1NzFiZTU2YjM1OTIxZDFlNGQxZWU4NGVjIl0=' \/>\n            <input type='hidden' class='gform_hidden' name='gform_target_page_number_8' id='gform_target_page_number_8' value='0' \/>\n            <input type='hidden' class='gform_hidden' name='gform_source_page_number_8' id='gform_source_page_number_8' value='1' \/>\n            <input type='hidden' name='gform_field_values' value='' \/>\n            \n        <\/div>\n                        <\/form>\n                        <\/div><script type=\"text\/javascript\">\n\/* <![CDATA[ *\/\n gform.initializeOnLoaded( function() {gformInitSpinner( 8, 'https:\/\/auctusbc.com\/wp\/wp-content\/plugins\/gravityforms\/images\/spinner.svg', true );jQuery('#gform_ajax_frame_8').on('load',function(){var contents = jQuery(this).contents().find('*').html();var is_postback = contents.indexOf('GF_AJAX_POSTBACK') >= 0;if(!is_postback){return;}var form_content = jQuery(this).contents().find('#gform_wrapper_8');var is_confirmation = jQuery(this).contents().find('#gform_confirmation_wrapper_8').length > 0;var is_redirect = contents.indexOf('gformRedirect(){') >= 0;var is_form = form_content.length > 0 && ! is_redirect && ! is_confirmation;var mt = parseInt(jQuery('html').css('margin-top'), 10) + parseInt(jQuery('body').css('margin-top'), 10) + 100;if(is_form){jQuery('#gform_wrapper_8').html(form_content.html());if(form_content.hasClass('gform_validation_error')){jQuery('#gform_wrapper_8').addClass('gform_validation_error');} else {jQuery('#gform_wrapper_8').removeClass('gform_validation_error');}setTimeout( function() { \/* delay the scroll by 50 milliseconds to fix a bug in chrome *\/  }, 50 );if(window['gformInitDatepicker']) {gformInitDatepicker();}if(window['gformInitPriceFields']) {gformInitPriceFields();}var current_page = jQuery('#gform_source_page_number_8').val();gformInitSpinner( 8, 'https:\/\/auctusbc.com\/wp\/wp-content\/plugins\/gravityforms\/images\/spinner.svg', true );jQuery(document).trigger('gform_page_loaded', [8, current_page]);window['gf_submitting_8'] = false;}else if(!is_redirect){var confirmation_content = jQuery(this).contents().find('.GF_AJAX_POSTBACK').html();if(!confirmation_content){confirmation_content = contents;}jQuery('#gform_wrapper_8').replaceWith(confirmation_content);jQuery(document).trigger('gform_confirmation_loaded', [8]);window['gf_submitting_8'] = false;wp.a11y.speak(jQuery('#gform_confirmation_message_8').text());}else{jQuery('#gform_8').append(contents);if(window['gformRedirect']) {gformRedirect();}}jQuery(document).trigger(\"gform_pre_post_render\", [{ formId: \"8\", currentPage: \"current_page\", abort: function() { this.preventDefault(); } }]);                if (event && event.defaultPrevented) {                return;         }        const gformWrapperDiv = document.getElementById( \"gform_wrapper_8\" );        if ( gformWrapperDiv ) {            const visibilitySpan = document.createElement( \"span\" );            visibilitySpan.id = \"gform_visibility_test_8\";            gformWrapperDiv.insertAdjacentElement( \"afterend\", visibilitySpan );        }        const visibilityTestDiv = document.getElementById( \"gform_visibility_test_8\" );        let postRenderFired = false;                function triggerPostRender() {            if ( postRenderFired ) {                return;            }            postRenderFired = true;            jQuery( document ).trigger( 'gform_post_render', [8, current_page] );            gform.utils.trigger( { event: 'gform\/postRender', native: false, data: { formId: 8, currentPage: current_page } } );            if ( visibilityTestDiv ) {                visibilityTestDiv.parentNode.removeChild( visibilityTestDiv );            }        }        function debounce( func, wait, immediate ) {            var timeout;            return function() {                var context = this, args = arguments;                var later = function() {                    timeout = null;                    if ( !immediate ) func.apply( context, args );                };                var callNow = immediate && !timeout;                clearTimeout( timeout );                timeout = setTimeout( later, wait );                if ( callNow ) func.apply( context, args );            };        }        const debouncedTriggerPostRender = debounce( function() {            triggerPostRender();        }, 200 );        if ( visibilityTestDiv && visibilityTestDiv.offsetParent === null ) {            const observer = new MutationObserver( ( mutations ) => {                mutations.forEach( ( mutation ) => {                    if ( mutation.type === 'attributes' && visibilityTestDiv.offsetParent !== null ) {                        debouncedTriggerPostRender();                        observer.disconnect();                    }                });            });            observer.observe( document.body, {                attributes: true,                childList: false,                subtree: true,                attributeFilter: [ 'style', 'class' ],            });        } else {            triggerPostRender();        }    } );} ); \n\/* ]]> *\/\n<\/script>\n\n","protected":false},"excerpt":{"rendered":"<p>Nuestra Oferta de Valor En Auctus\u00ae estamos convencidos que hay m\u00e1s de una soluci\u00f3n para los problemas y oportunidades que enfrentan las organizaciones, por ello hemos desarrollado 5 l\u00edneas estrat\u00e9gicas con servicios de especialidad que se adaptan al contexto y cultura propia de cada empresa. Lideradas por expertos Consultores que llevar\u00e1n, a tu organizaci\u00f3n junto [&hellip;]<\/p>\n","protected":false},"author":1,"featured_media":55,"parent":0,"menu_order":0,"comment_status":"open","ping_status":"closed","template":"page-tmp-fullwidth.php","meta":{"_acf_changed":false,"om_disable_all_campaigns":false,"_exactmetrics_skip_tracking":false,"_exactmetrics_sitenote_active":false,"_exactmetrics_sitenote_note":"","_exactmetrics_sitenote_category":0,"_monsterinsights_skip_tracking":false,"_monsterinsights_sitenote_active":false,"_monsterinsights_sitenote_note":"","_monsterinsights_sitenote_category":0,"footnotes":""},"acf":[],"aioseo_notices":[],"_links":{"self":[{"href":"https:\/\/auctusbc.com\/es\/wp-json\/wp\/v2\/pages\/50"}],"collection":[{"href":"https:\/\/auctusbc.com\/es\/wp-json\/wp\/v2\/pages"}],"about":[{"href":"https:\/\/auctusbc.com\/es\/wp-json\/wp\/v2\/types\/page"}],"author":[{"embeddable":true,"href":"https:\/\/auctusbc.com\/es\/wp-json\/wp\/v2\/users\/1"}],"replies":[{"embeddable":true,"href":"https:\/\/auctusbc.com\/es\/wp-json\/wp\/v2\/comments?post=50"}],"version-history":[{"count":73,"href":"https:\/\/auctusbc.com\/es\/wp-json\/wp\/v2\/pages\/50\/revisions"}],"predecessor-version":[{"id":1910,"href":"https:\/\/auctusbc.com\/es\/wp-json\/wp\/v2\/pages\/50\/revisions\/1910"}],"wp:featuredmedia":[{"embeddable":true,"href":"https:\/\/auctusbc.com\/es\/wp-json\/wp\/v2\/media\/55"}],"wp:attachment":[{"href":"https:\/\/auctusbc.com\/es\/wp-json\/wp\/v2\/media?parent=50"}],"curies":[{"name":"wp","href":"https:\/\/api.w.org\/{rel}","templated":true}]}}