{"id":70,"date":"2014-08-01T11:47:55","date_gmt":"2014-08-01T16:47:55","guid":{"rendered":"http:\/\/auctusbc.com\/wp\/?page_id=70"},"modified":"2026-03-10T11:06:36","modified_gmt":"2026-03-10T17:06:36","slug":"firma","status":"publish","type":"page","link":"https:\/\/auctusbc.com\/es\/firma\/","title":{"rendered":"La Firma"},"content":{"rendered":"<h2>\u00bfQui\u00e9nes somos y qu\u00e9 hacemos?<\/h2>\n<p><a href=\"http:\/\/auctusbc.com\/wp\/wp-content\/uploads\/2014\/07\/pic-about.jpg\"><img fetchpriority=\"high\" decoding=\"async\" class=\" wp-image-55 alignleft\" src=\"http:\/\/auctusbc.com\/wp\/wp-content\/uploads\/2014\/07\/pic-about-300x247.jpg\" alt=\"pic-about\" width=\"350\" height=\"288\" srcset=\"https:\/\/auctusbc.com\/wp\/wp-content\/uploads\/2014\/07\/pic-about-300x247.jpg 300w, https:\/\/auctusbc.com\/wp\/wp-content\/uploads\/2014\/07\/pic-about.jpg 343w\" sizes=\"(max-width: 350px) 100vw, 350px\" \/><\/a>La palabra clave y raz\u00f3n del nombre de la Firma (Auctus) tiene su etimolog\u00eda en el lat\u00edn y significa <strong>\u201ccrecimiento\u201d<\/strong>. Esta es la oferta que la Firma acerca a sus clientes, siendo un socio estrat\u00e9gico y operativo para lograr que este crecimiento sea una realidad.<\/p>\n<p>Auctus fue fundada por Socios con experiencia en Alta Direcci\u00f3n en el Sector Privado y en distintas empresas l\u00edderes de Consultor\u00eda, buscando hacer una oferta diferenciada para los Clientes y al propio Equipo Consultor.<\/p>\n<p>Auctus tiene una asociaci\u00f3n Estrat\u00e9gica con <strong>Ekosys Group<\/strong>, para todas las\u00a0colaboraciones que requieran Tecnolog\u00eda (IT) y pr\u00e1cticas avanzadas de Gesti\u00f3n del Capital Humano (HCM).<\/p>\n<p>La Firma tiene un claro <strong>enfoque a la Implementaci\u00f3n<\/strong> de las soluciones propuestas, as\u00ed como de la propia Estrategia declarada por nuestros Clientes, ofreciendo un esquema de \u2013llave en mano- con \u2013garant\u00eda de resultados- por contrato. Asimismo, busca atender distintas preocupaciones de los clientes al lanzar iniciativas transformacionales:<\/p>\n<ul>\n<li>Compartici\u00f3n del riesgo al ligar la compensaci\u00f3n a resultados tangibles;<\/li>\n<li>Asesor\u00eda con entendimiento hol\u00edstico, configurable acorde al contexto y madurez de la empresa;<\/li>\n<li>Asesor\u00eda experta en el giro del Cliente;<\/li>\n<li>Definici\u00f3n colaborativa y guiada de la soluci\u00f3n, que moviliza la gesti\u00f3n del cambio;<\/li>\n<li>Aseguramiento de la permanencia y sustentabilidad de las soluciones propuestas.<\/li>\n<\/ul>\n<h2>Nuestros Socios<\/h2>\n<table>\n<tbody>\n<tr>\n<td><img decoding=\"async\" class=\"alignleft size-full wp-image-2061\" src=\"https:\/\/auctusbc.com\/wp\/wp-content\/uploads\/2026\/03\/Mauricio_Montemayor_Trevino.png\" alt=\"\" width=\"300\" height=\"300\" srcset=\"https:\/\/auctusbc.com\/wp\/wp-content\/uploads\/2026\/03\/Mauricio_Montemayor_Trevino.png 300w, https:\/\/auctusbc.com\/wp\/wp-content\/uploads\/2026\/03\/Mauricio_Montemayor_Trevino-150x150.png 150w\" sizes=\"(max-width: 300px) 100vw, 300px\" \/><\/td>\n<\/tr>\n<tr>\n<td><strong>Mauricio Montemayor<\/strong>, CEO, Auctus Business Consulting<br \/>\n<a href=\"https:\/\/www.linkedin.com\/in\/mauriciomontemayor\/\" target=\"_blank\" rel=\"noopener\"><img decoding=\"async\" class=\"alignleft size-full wp-image-2059\" src=\"https:\/\/auctusbc.com\/wp\/wp-content\/uploads\/2026\/03\/in-1.png\" alt=\"\" width=\"25\" height=\"25\" \/><\/a><\/td>\n<\/tr>\n<tr>\n<td>Mauricio Montemayor es Managing Partner de Auctus Business Consulting. \u00c9l se ha especializado en gobierno corporativo, institucionalizaci\u00f3n y transformaci\u00f3n estrat\u00e9gica. Acompa\u00f1a a consejos y equipos directivos en el dise\u00f1o de estructuras de alto desempe\u00f1o, alineaci\u00f3n estrat\u00e9gica y profesionalizaci\u00f3n empresarial. Su trabajo se centra en convertir empresas operativas en organizaciones institucionales, con gobierno s\u00f3lido y ejecuci\u00f3n disciplinada. Participa activamente en foros empresariales impulsando conversaciones sobre liderazgo, desempe\u00f1o y creaci\u00f3n de valor sostenible.<\/td>\n<\/tr>\n<tr>\n<td><img loading=\"lazy\" decoding=\"async\" class=\"alignleft size-medium wp-image-2063\" src=\"https:\/\/auctusbc.com\/wp\/wp-content\/uploads\/2026\/03\/Alonso_Chapa_Rangel.png\" alt=\"\" width=\"300\" height=\"300\" srcset=\"https:\/\/auctusbc.com\/wp\/wp-content\/uploads\/2026\/03\/Alonso_Chapa_Rangel.png 300w, https:\/\/auctusbc.com\/wp\/wp-content\/uploads\/2026\/03\/Alonso_Chapa_Rangel-150x150.png 150w\" sizes=\"(max-width: 300px) 100vw, 300px\" \/><\/td>\n<\/tr>\n<tr>\n<td><strong>Alonso Chapa<\/strong>, Socio, Auctus Business Consulting<br \/>\n<a href=\"https:\/\/www.linkedin.com\/in\/alonso-chapa\" target=\"_blank\" rel=\"noopener\"><img decoding=\"async\" class=\"alignleft size-full wp-image-2059\" src=\"https:\/\/auctusbc.com\/wp\/wp-content\/uploads\/2026\/03\/in-1.png\" alt=\"\" width=\"25\" height=\"25\" \/><\/a><\/td>\n<\/tr>\n<tr>\n<td>Experiencia profesional de m\u00e1s de 25 a\u00f1os, con una trayectoria en Alta Direcci\u00f3n en sectores retail, log\u00edstica y pl\u00e1stico. Adem\u00e1s, se ha desempe\u00f1ado como Consejero en diferentes empresas del sector financiero, retail e industria manufacturera. Ha aportado su conocimiento liderando m\u00e1s de 60 proyectos en temas de gobierno corporativo y protocolo familiar, planeaci\u00f3n estrat\u00e9gica, gesti\u00f3n directiva, reingenier\u00eda de procesos, reestructura organizacional y business intelligence.<\/td>\n<\/tr>\n<tr>\n<td><img loading=\"lazy\" decoding=\"async\" class=\"alignleft size-medium wp-image-2065\" src=\"https:\/\/auctusbc.com\/wp\/wp-content\/uploads\/2026\/03\/Mauricio_Prieto_Torres.png\" alt=\"\" width=\"300\" height=\"300\" srcset=\"https:\/\/auctusbc.com\/wp\/wp-content\/uploads\/2026\/03\/Mauricio_Prieto_Torres.png 300w, https:\/\/auctusbc.com\/wp\/wp-content\/uploads\/2026\/03\/Mauricio_Prieto_Torres-150x150.png 150w\" sizes=\"(max-width: 300px) 100vw, 300px\" \/><\/td>\n<\/tr>\n<tr>\n<td><strong>Mauricio Prieto<\/strong>, Socio, Auctus Business Consulting<br \/>\n<a href=\"https:\/\/www.linkedin.com\/in\/mau-prieto\/\" target=\"_blank\" rel=\"noopener\"><img decoding=\"async\" class=\"alignleft size-full wp-image-2059\" src=\"https:\/\/auctusbc.com\/wp\/wp-content\/uploads\/2026\/03\/in-1.png\" alt=\"\" width=\"25\" height=\"25\" \/><\/a><\/td>\n<\/tr>\n<tr>\n<td>Mauricio Prieto, tiene una trayectoria de m\u00e1s de 25 a\u00f1os,\u00a0 ha dado asistencia y consultor\u00eda en el campo de Negocios, Tecnolog\u00eda, Human Capital Management y Procesos a m\u00e1s de 100 empresas en M\u00e9xico, Estados Unidos y Am\u00e9rica Latina, durante los \u00faltimos 10 a\u00f1os se ha dedicado a innovar en el desarrollo de soluciones para mejorar los modelos de negocio y operaci\u00f3n de las empresas del sector financiero y de seguros integrando la movilidad como parte fundamental, como por ejemplo el lanzamiento de la aplicaci\u00f3n m\u00f3vil para Ajuste m\u00f3vil, donde actualmente se operan m\u00e1s del 35% de los siniestros de autos en M\u00e9xico.<\/td>\n<\/tr>\n<\/tbody>\n<\/table>\n<p><a href=\"https:\/\/auctusbc.com\/wp\/wp-content\/uploads\/2024\/05\/Piramide-Auctus_Espanol_AuctusBC.png\"><img loading=\"lazy\" decoding=\"async\" class=\"wp-image-1922 aligncenter\" src=\"https:\/\/auctusbc.com\/wp\/wp-content\/uploads\/2024\/05\/Piramide-Auctus_Espanol_AuctusBC.png\" alt=\"\" width=\"999\" height=\"871\" srcset=\"https:\/\/auctusbc.com\/wp\/wp-content\/uploads\/2024\/05\/Piramide-Auctus_Espanol_AuctusBC.png 1200w, https:\/\/auctusbc.com\/wp\/wp-content\/uploads\/2024\/05\/Piramide-Auctus_Espanol_AuctusBC-300x262.png 300w, https:\/\/auctusbc.com\/wp\/wp-content\/uploads\/2024\/05\/Piramide-Auctus_Espanol_AuctusBC-1024x893.png 1024w, https:\/\/auctusbc.com\/wp\/wp-content\/uploads\/2024\/05\/Piramide-Auctus_Espanol_AuctusBC-768x669.png 768w\" sizes=\"(max-width: 999px) 100vw, 999px\" \/><\/a><\/p>\n<hr \/>\n<h2 style=\"text-align: center;\">Socios Co-Fundadores de<\/h2>\n<p><a href=\"https:\/\/ekosysgroup.com\/\"><img loading=\"lazy\" decoding=\"async\" class=\"aligncenter wp-image-1949\" src=\"https:\/\/auctusbc.com\/wp\/wp-content\/uploads\/2024\/11\/Ekosys-Group_Logo_Medidas-de-proteccion.png\" alt=\"Ekosys Group_Logo\" width=\"275\" height=\"93\" \/><\/a><\/p>\n","protected":false},"excerpt":{"rendered":"<p>\u00bfQui\u00e9nes somos y qu\u00e9 hacemos? La palabra clave y raz\u00f3n del nombre de la Firma (Auctus) tiene su etimolog\u00eda en el lat\u00edn y significa \u201ccrecimiento\u201d. Esta es la oferta que la Firma acerca a sus clientes, siendo un socio estrat\u00e9gico y operativo para lograr que este crecimiento sea una realidad. Auctus fue fundada por Socios [&hellip;]<\/p>\n","protected":false},"author":1,"featured_media":57,"parent":0,"menu_order":0,"comment_status":"open","ping_status":"closed","template":"","meta":{"_acf_changed":false,"om_disable_all_campaigns":false,"_exactmetrics_skip_tracking":false,"_exactmetrics_sitenote_active":false,"_exactmetrics_sitenote_note":"","_exactmetrics_sitenote_category":0,"_monsterinsights_skip_tracking":false,"_monsterinsights_sitenote_active":false,"_monsterinsights_sitenote_note":"","_monsterinsights_sitenote_category":0,"footnotes":""},"acf":[],"aioseo_notices":[],"_links":{"self":[{"href":"https:\/\/auctusbc.com\/es\/wp-json\/wp\/v2\/pages\/70"}],"collection":[{"href":"https:\/\/auctusbc.com\/es\/wp-json\/wp\/v2\/pages"}],"about":[{"href":"https:\/\/auctusbc.com\/es\/wp-json\/wp\/v2\/types\/page"}],"author":[{"embeddable":true,"href":"https:\/\/auctusbc.com\/es\/wp-json\/wp\/v2\/users\/1"}],"replies":[{"embeddable":true,"href":"https:\/\/auctusbc.com\/es\/wp-json\/wp\/v2\/comments?post=70"}],"version-history":[{"count":62,"href":"https:\/\/auctusbc.com\/es\/wp-json\/wp\/v2\/pages\/70\/revisions"}],"predecessor-version":[{"id":2115,"href":"https:\/\/auctusbc.com\/es\/wp-json\/wp\/v2\/pages\/70\/revisions\/2115"}],"wp:featuredmedia":[{"embeddable":true,"href":"https:\/\/auctusbc.com\/es\/wp-json\/wp\/v2\/media\/57"}],"wp:attachment":[{"href":"https:\/\/auctusbc.com\/es\/wp-json\/wp\/v2\/media?parent=70"}],"curies":[{"name":"wp","href":"https:\/\/api.w.org\/{rel}","templated":true}]}}