{"id":93,"date":"2014-08-01T18:06:26","date_gmt":"2014-08-01T23:06:26","guid":{"rendered":"http:\/\/auctusbc.com\/wp\/?page_id=93"},"modified":"2022-08-30T14:10:59","modified_gmt":"2022-08-30T19:10:59","slug":"sector","status":"publish","type":"page","link":"https:\/\/auctusbc.com\/es\/sector\/","title":{"rendered":"Sector"},"content":{"rendered":"<h2>Oportunidades por sector<\/h2>\n<p><img fetchpriority=\"high\" decoding=\"async\" class=\"alignleft\" src=\"http:\/\/auctusbc.com\/wp\/wp-content\/uploads\/2014\/08\/shutterstock_159929066-300x200.jpg\" alt=\"shutterstock_159929066\" width=\"347\" height=\"231\" \/><\/p>\n<p>En <span style=\"color: #0e4679;\">Auctus<\/span> estamos convencidos que no hay una u\u0301nica receta o solucio\u0301n para los problemas y oportunidades que enfrentan las organizaciones, por ello no creemos en soluciones pre-empaquetadas donde no se realiza un diagn\u00f3stico inicial detallado, desarrollando un entendimiento com\u00fan con el equipo Directivo responsable del negocio, y definiendo claramente el Caso de Negocio para dotar a la empresa de mayor Rentabilidad y Crecimiento.<\/p>\n<p>Los conocimientos y expertise multi-dimensional del personal de <span style=\"color: #0e4679;\">Auctus<\/span>, en distintas Industrias, Pra\u0301cticas y Clientes\/Mercados, ayudar\u00e1 a que el proceso de diagn\u00f3stico, puesta a punto, implementaci\u00f3n y mejora, sea mucho m\u00e1s \u00e1gil y acelerado.<\/p>\n<p>Te invitamos a consultar las oportunidades que vemos en los distintos Sectores econo\u0301micos e identifiques la compatibilidad que existe entre esta perspectiva y la visi\u00f3n que tienes de tu organizaci\u00f3n y el mercado en que compites.<\/p>\n","protected":false},"excerpt":{"rendered":"<p>Oportunidades por sector En Auctus estamos convencidos que no hay una u\u0301nica receta o solucio\u0301n para los problemas y oportunidades que enfrentan las organizaciones, por ello no creemos en soluciones pre-empaquetadas donde no se realiza un diagn\u00f3stico inicial detallado, desarrollando un entendimiento com\u00fan con el equipo Directivo responsable del negocio, y definiendo claramente el Caso [&hellip;]<\/p>\n","protected":false},"author":1,"featured_media":56,"parent":0,"menu_order":0,"comment_status":"open","ping_status":"closed","template":"","meta":{"_acf_changed":false,"om_disable_all_campaigns":false,"_exactmetrics_skip_tracking":false,"_exactmetrics_sitenote_active":false,"_exactmetrics_sitenote_note":"","_exactmetrics_sitenote_category":0,"_monsterinsights_skip_tracking":false,"_monsterinsights_sitenote_active":false,"_monsterinsights_sitenote_note":"","_monsterinsights_sitenote_category":0,"footnotes":""},"acf":[],"aioseo_notices":[],"_links":{"self":[{"href":"https:\/\/auctusbc.com\/es\/wp-json\/wp\/v2\/pages\/93"}],"collection":[{"href":"https:\/\/auctusbc.com\/es\/wp-json\/wp\/v2\/pages"}],"about":[{"href":"https:\/\/auctusbc.com\/es\/wp-json\/wp\/v2\/types\/page"}],"author":[{"embeddable":true,"href":"https:\/\/auctusbc.com\/es\/wp-json\/wp\/v2\/users\/1"}],"replies":[{"embeddable":true,"href":"https:\/\/auctusbc.com\/es\/wp-json\/wp\/v2\/comments?post=93"}],"version-history":[{"count":26,"href":"https:\/\/auctusbc.com\/es\/wp-json\/wp\/v2\/pages\/93\/revisions"}],"predecessor-version":[{"id":415,"href":"https:\/\/auctusbc.com\/es\/wp-json\/wp\/v2\/pages\/93\/revisions\/415"}],"wp:featuredmedia":[{"embeddable":true,"href":"https:\/\/auctusbc.com\/es\/wp-json\/wp\/v2\/media\/56"}],"wp:attachment":[{"href":"https:\/\/auctusbc.com\/es\/wp-json\/wp\/v2\/media?parent=93"}],"curies":[{"name":"wp","href":"https:\/\/api.w.org\/{rel}","templated":true}]}}